{"id":1700,"date":"2020-04-10T21:06:19","date_gmt":"2020-04-10T21:06:19","guid":{"rendered":"https:\/\/pokelele.eu\/notre-carte\/"},"modified":"2022-10-06T16:20:36","modified_gmt":"2022-10-06T16:20:36","slug":"nuestros-bowls","status":"publish","type":"page","link":"https:\/\/pokelele.com\/es\/nuestros-bowls\/","title":{"rendered":"Nuestros bowls"},"content":{"rendered":"","protected":false},"excerpt":{"rendered":"","protected":false},"author":1,"featured_media":0,"parent":0,"menu_order":0,"comment_status":"closed","ping_status":"closed","template":"templates\/menu.php","meta":{"_acf_changed":false,"footnotes":""},"class_list":["post-1700","page","type-page","status-publish","hentry"],"acf":[],"yoast_head":"<!-- This site is optimized with the Yoast SEO plugin v22.1 - https:\/\/yoast.com\/wordpress\/plugins\/seo\/ -->\n<title>Nuestros bowls - Pok\u00e9 L\u00e9 L\u00e9<\/title>\n<meta name=\"robots\" content=\"index, follow, max-snippet:-1, max-image-preview:large, max-video-preview:-1\" \/>\n<link rel=\"canonical\" href=\"https:\/\/pokelele.com\/es\/nuestros-bowls\/\" \/>\n<meta property=\"og:locale\" content=\"es_ES\" \/>\n<meta property=\"og:type\" content=\"article\" \/>\n<meta property=\"og:title\" content=\"Nuestros bowls - Pok\u00e9 L\u00e9 L\u00e9\" \/>\n<meta property=\"og:url\" content=\"https:\/\/pokelele.com\/es\/nuestros-bowls\/\" \/>\n<meta property=\"og:site_name\" content=\"Pok\u00e9 L\u00e9 L\u00e9\" \/>\n<meta property=\"article:modified_time\" content=\"2022-10-06T16:20:36+00:00\" \/>\n<meta name=\"twitter:card\" content=\"summary_large_image\" \/>\n<script type=\"application\/ld+json\" class=\"yoast-schema-graph\">{\"@context\":\"https:\/\/schema.org\",\"@graph\":[{\"@type\":\"WebPage\",\"@id\":\"https:\/\/pokelele.com\/es\/nuestros-bowls\/\",\"url\":\"https:\/\/pokelele.com\/es\/nuestros-bowls\/\",\"name\":\"Nuestros bowls - Pok\u00e9 L\u00e9 L\u00e9\",\"isPartOf\":{\"@id\":\"https:\/\/pokelele.com\/it\/#website\"},\"datePublished\":\"2020-04-10T21:06:19+00:00\",\"dateModified\":\"2022-10-06T16:20:36+00:00\",\"breadcrumb\":{\"@id\":\"https:\/\/pokelele.com\/es\/nuestros-bowls\/#breadcrumb\"},\"inLanguage\":\"es\",\"potentialAction\":[{\"@type\":\"ReadAction\",\"target\":[\"https:\/\/pokelele.com\/es\/nuestros-bowls\/\"]}]},{\"@type\":\"BreadcrumbList\",\"@id\":\"https:\/\/pokelele.com\/es\/nuestros-bowls\/#breadcrumb\",\"itemListElement\":[{\"@type\":\"ListItem\",\"position\":1,\"name\":\"Inicio\",\"item\":\"https:\/\/pokelele.com\/es\/\"},{\"@type\":\"ListItem\",\"position\":2,\"name\":\"Nuestros bowls\"}]},{\"@type\":\"WebSite\",\"@id\":\"https:\/\/pokelele.com\/it\/#website\",\"url\":\"https:\/\/pokelele.com\/it\/\",\"name\":\"Pok\u00e9 L\u00e9 L\u00e9\",\"description\":\"Pok\u00e9 L\u00e9 L\u00e9\",\"potentialAction\":[{\"@type\":\"SearchAction\",\"target\":{\"@type\":\"EntryPoint\",\"urlTemplate\":\"https:\/\/pokelele.com\/it\/?s={search_term_string}\"},\"query-input\":\"required name=search_term_string\"}],\"inLanguage\":\"es\"}]}<\/script>\n<!-- \/ Yoast SEO plugin. -->","yoast_head_json":{"title":"Nuestros bowls - Pok\u00e9 L\u00e9 L\u00e9","robots":{"index":"index","follow":"follow","max-snippet":"max-snippet:-1","max-image-preview":"max-image-preview:large","max-video-preview":"max-video-preview:-1"},"canonical":"https:\/\/pokelele.com\/es\/nuestros-bowls\/","og_locale":"es_ES","og_type":"article","og_title":"Nuestros bowls - Pok\u00e9 L\u00e9 L\u00e9","og_url":"https:\/\/pokelele.com\/es\/nuestros-bowls\/","og_site_name":"Pok\u00e9 L\u00e9 L\u00e9","article_modified_time":"2022-10-06T16:20:36+00:00","twitter_card":"summary_large_image","schema":{"@context":"https:\/\/schema.org","@graph":[{"@type":"WebPage","@id":"https:\/\/pokelele.com\/es\/nuestros-bowls\/","url":"https:\/\/pokelele.com\/es\/nuestros-bowls\/","name":"Nuestros bowls - Pok\u00e9 L\u00e9 L\u00e9","isPartOf":{"@id":"https:\/\/pokelele.com\/it\/#website"},"datePublished":"2020-04-10T21:06:19+00:00","dateModified":"2022-10-06T16:20:36+00:00","breadcrumb":{"@id":"https:\/\/pokelele.com\/es\/nuestros-bowls\/#breadcrumb"},"inLanguage":"es","potentialAction":[{"@type":"ReadAction","target":["https:\/\/pokelele.com\/es\/nuestros-bowls\/"]}]},{"@type":"BreadcrumbList","@id":"https:\/\/pokelele.com\/es\/nuestros-bowls\/#breadcrumb","itemListElement":[{"@type":"ListItem","position":1,"name":"Inicio","item":"https:\/\/pokelele.com\/es\/"},{"@type":"ListItem","position":2,"name":"Nuestros bowls"}]},{"@type":"WebSite","@id":"https:\/\/pokelele.com\/it\/#website","url":"https:\/\/pokelele.com\/it\/","name":"Pok\u00e9 L\u00e9 L\u00e9","description":"Pok\u00e9 L\u00e9 L\u00e9","potentialAction":[{"@type":"SearchAction","target":{"@type":"EntryPoint","urlTemplate":"https:\/\/pokelele.com\/it\/?s={search_term_string}"},"query-input":"required name=search_term_string"}],"inLanguage":"es"}]}},"_links":{"self":[{"href":"https:\/\/pokelele.com\/es\/wp-json\/wp\/v2\/pages\/1700"}],"collection":[{"href":"https:\/\/pokelele.com\/es\/wp-json\/wp\/v2\/pages"}],"about":[{"href":"https:\/\/pokelele.com\/es\/wp-json\/wp\/v2\/types\/page"}],"author":[{"embeddable":true,"href":"https:\/\/pokelele.com\/es\/wp-json\/wp\/v2\/users\/1"}],"replies":[{"embeddable":true,"href":"https:\/\/pokelele.com\/es\/wp-json\/wp\/v2\/comments?post=1700"}],"version-history":[{"count":4,"href":"https:\/\/pokelele.com\/es\/wp-json\/wp\/v2\/pages\/1700\/revisions"}],"predecessor-version":[{"id":5881,"href":"https:\/\/pokelele.com\/es\/wp-json\/wp\/v2\/pages\/1700\/revisions\/5881"}],"wp:attachment":[{"href":"https:\/\/pokelele.com\/es\/wp-json\/wp\/v2\/media?parent=1700"}],"curies":[{"name":"wp","href":"https:\/\/api.w.org\/{rel}","templated":true}]}}