{"id":11,"date":"2020-04-10T21:06:47","date_gmt":"2020-04-10T21:06:47","guid":{"rendered":"https:\/\/pokelele.eu\/?page_id=11"},"modified":"2021-03-18T11:02:48","modified_gmt":"2021-03-18T11:02:48","slug":"qui-sommes-nous","status":"publish","type":"page","link":"https:\/\/pokelele.com\/fr\/qui-sommes-nous\/","title":{"rendered":"Qui sommes nous ?"},"content":{"rendered":"\n<h3 class=\"wp-block-heading\">Qui est Pok\u00e9 L\u00e9 L\u00e9 ? Marque tendance de gastronomie hawa\u00efenne en grande surface<\/h3>\n\n\n\n<figure class=\"wp-block-image size-large\"><img loading=\"lazy\" decoding=\"async\" width=\"1024\" height=\"768\" src=\"https:\/\/pokelele.eu\/wp-content\/uploads\/sites\/7\/2020\/11\/quisommesnous-1024x768.jpg\" alt=\"\" class=\"wp-image-3556\" srcset=\"https:\/\/pokelele.com\/wp-content\/uploads\/sites\/7\/2020\/11\/quisommesnous-1024x768.jpg 1024w, https:\/\/pokelele.com\/wp-content\/uploads\/sites\/7\/2020\/11\/quisommesnous-300x225.jpg 300w, https:\/\/pokelele.com\/wp-content\/uploads\/sites\/7\/2020\/11\/quisommesnous-768x576.jpg 768w, https:\/\/pokelele.com\/wp-content\/uploads\/sites\/7\/2020\/11\/quisommesnous-1536x1152.jpg 1536w, https:\/\/pokelele.com\/wp-content\/uploads\/sites\/7\/2020\/11\/quisommesnous-840x630.jpg 840w, https:\/\/pokelele.com\/wp-content\/uploads\/sites\/7\/2020\/11\/quisommesnous-347x260.jpg 347w, https:\/\/pokelele.com\/wp-content\/uploads\/sites\/7\/2020\/11\/quisommesnous-554x416.jpg 554w, https:\/\/pokelele.com\/wp-content\/uploads\/sites\/7\/2020\/11\/quisommesnous-224x168.jpg 224w, https:\/\/pokelele.com\/wp-content\/uploads\/sites\/7\/2020\/11\/quisommesnous-187x140.jpg 187w, https:\/\/pokelele.com\/wp-content\/uploads\/sites\/7\/2020\/11\/quisommesnous.jpg 1920w\" sizes=\"(max-width: 1024px) 100vw, 1024px\" \/><\/figure>\n\n\n\n<h4 class=\"wp-block-heading\">Avec plus de 300 stands  en France, Pok\u00e9 L\u00e9 L\u00e9 vous propose le meilleur de la gastronomie hawa\u00efenne pr\u00e8s de chez vous !<\/h4>\n\n\n\n<p>Pok\u00e9 L\u00e9 L\u00e9 propose une cuisine Hawa\u00efenne tendance : des Pok\u00e9s Bowls fabriqu\u00e9s sur place, devant vous. Des ingr\u00e9dients rigoureusement s\u00e9lectionn\u00e9s afin de vous offrir des milliers de possibilit\u00e9s !\u00a0<\/p>\n\n\n\n<p>Les \u00e9quipes de Pok\u00e9 L\u00e9 L\u00e9 sont disponibles pour vous offrir des produits sur-mesure. Ces produits sont\u00a0 surveill\u00e9s par des qualiticiens Hana Group et control\u00e9e par des laboratoires ext\u00e9rieurs. Toute cette organisation et ce savoir-faire nous permettent de vous garantir du plaisir en toute s\u00e9curit\u00e9.<\/p>\n\n\n\n<p>Vous aimez Pok\u00e9 L\u00e9 L\u00e9 ? Retrouvez le m\u00eame savoir-faire, les m\u00eames valeurs pour toutes les cuisines du monde: Italienne, Tha\u00eflandaise, Vietnamienne, Orientale, \u2026 Partez d\u00e8s maintenant pour un nouveau voyage culinaire!<\/p>\n\n\n\n<blockquote class=\"wp-block-quote is-layout-flow wp-block-quote-is-layout-flow\"><p>\u00ab\u00a0Le Show Cooking permet d&rsquo;appr\u00e9cier le savoir-faire du cuisinier, tout en dotant l&rsquo;exp\u00e9rience culinaire d&rsquo;une dimension \u00e9v\u00e9nementielle\u00a0\u00bb<\/p><\/blockquote>\n\n\n\n<figure class=\"wp-block-image size-large\"><img loading=\"lazy\" decoding=\"async\" width=\"1024\" height=\"768\" src=\"https:\/\/pokelele.eu\/wp-content\/uploads\/sites\/7\/2020\/11\/quisommesnous2-1024x768.jpg\" alt=\"\" class=\"wp-image-3557\" srcset=\"https:\/\/pokelele.com\/wp-content\/uploads\/sites\/7\/2020\/11\/quisommesnous2-1024x768.jpg 1024w, https:\/\/pokelele.com\/wp-content\/uploads\/sites\/7\/2020\/11\/quisommesnous2-300x225.jpg 300w, https:\/\/pokelele.com\/wp-content\/uploads\/sites\/7\/2020\/11\/quisommesnous2-768x576.jpg 768w, https:\/\/pokelele.com\/wp-content\/uploads\/sites\/7\/2020\/11\/quisommesnous2-1536x1152.jpg 1536w, https:\/\/pokelele.com\/wp-content\/uploads\/sites\/7\/2020\/11\/quisommesnous2-840x630.jpg 840w, https:\/\/pokelele.com\/wp-content\/uploads\/sites\/7\/2020\/11\/quisommesnous2-347x260.jpg 347w, https:\/\/pokelele.com\/wp-content\/uploads\/sites\/7\/2020\/11\/quisommesnous2-554x416.jpg 554w, https:\/\/pokelele.com\/wp-content\/uploads\/sites\/7\/2020\/11\/quisommesnous2-224x168.jpg 224w, https:\/\/pokelele.com\/wp-content\/uploads\/sites\/7\/2020\/11\/quisommesnous2-187x140.jpg 187w, https:\/\/pokelele.com\/wp-content\/uploads\/sites\/7\/2020\/11\/quisommesnous2.jpg 1920w\" sizes=\"(max-width: 1024px) 100vw, 1024px\" \/><\/figure>\n\n\n\n<p><\/p>\n","protected":false},"excerpt":{"rendered":"<p>Avec plus de 300 stands en France, Sushi Gourmet vous propose de la gastronomie japonaise pr\u00e8s de chez vous<\/p>\n","protected":false},"author":1,"featured_media":3566,"parent":0,"menu_order":0,"comment_status":"closed","ping_status":"closed","template":"","meta":{"_acf_changed":false,"footnotes":""},"class_list":["post-11","page","type-page","status-publish","has-post-thumbnail","hentry"],"acf":[],"yoast_head":"<!-- This site is optimized with the Yoast SEO plugin v22.1 - https:\/\/yoast.com\/wordpress\/plugins\/seo\/ -->\n<title>Qui sommes nous ? - Pok\u00e9 L\u00e9 L\u00e9<\/title>\n<meta name=\"robots\" content=\"index, follow, max-snippet:-1, max-image-preview:large, max-video-preview:-1\" \/>\n<link rel=\"canonical\" href=\"https:\/\/pokelele.com\/fr\/qui-sommes-nous\/\" \/>\n<meta property=\"og:locale\" content=\"fr_FR\" \/>\n<meta property=\"og:type\" content=\"article\" \/>\n<meta property=\"og:title\" content=\"Qui sommes nous ? - Pok\u00e9 L\u00e9 L\u00e9\" \/>\n<meta property=\"og:description\" content=\"Avec plus de 300 stands en France, Sushi Gourmet vous propose de la gastronomie japonaise pr\u00e8s de chez vous\" \/>\n<meta property=\"og:url\" content=\"https:\/\/pokelele.com\/fr\/qui-sommes-nous\/\" \/>\n<meta property=\"og:site_name\" content=\"Pok\u00e9 L\u00e9 L\u00e9\" \/>\n<meta property=\"article:modified_time\" content=\"2021-03-18T11:02:48+00:00\" \/>\n<meta property=\"og:image\" content=\"https:\/\/pokelele.com\/wp-content\/uploads\/sites\/7\/2020\/11\/Sans-titre-2.png\" \/>\n\t<meta property=\"og:image:width\" content=\"1440\" \/>\n\t<meta property=\"og:image:height\" content=\"235\" \/>\n\t<meta property=\"og:image:type\" content=\"image\/png\" \/>\n<meta name=\"twitter:card\" content=\"summary_large_image\" \/>\n<meta name=\"twitter:label1\" content=\"Est. reading time\" \/>\n\t<meta name=\"twitter:data1\" content=\"1 minute\" \/>\n<script type=\"application\/ld+json\" class=\"yoast-schema-graph\">{\"@context\":\"https:\/\/schema.org\",\"@graph\":[{\"@type\":\"WebPage\",\"@id\":\"https:\/\/pokelele.com\/fr\/qui-sommes-nous\/\",\"url\":\"https:\/\/pokelele.com\/fr\/qui-sommes-nous\/\",\"name\":\"Qui sommes nous ? - Pok\u00e9 L\u00e9 L\u00e9\",\"isPartOf\":{\"@id\":\"https:\/\/pokelele.com\/it\/#website\"},\"datePublished\":\"2020-04-10T21:06:47+00:00\",\"dateModified\":\"2021-03-18T11:02:48+00:00\",\"breadcrumb\":{\"@id\":\"https:\/\/pokelele.com\/fr\/qui-sommes-nous\/#breadcrumb\"},\"inLanguage\":\"fr-FR\",\"potentialAction\":[{\"@type\":\"ReadAction\",\"target\":[\"https:\/\/pokelele.com\/fr\/qui-sommes-nous\/\"]}]},{\"@type\":\"BreadcrumbList\",\"@id\":\"https:\/\/pokelele.com\/fr\/qui-sommes-nous\/#breadcrumb\",\"itemListElement\":[{\"@type\":\"ListItem\",\"position\":1,\"name\":\"Home\",\"item\":\"https:\/\/pokelele.com\/fr\/\"},{\"@type\":\"ListItem\",\"position\":2,\"name\":\"Qui sommes nous ?\"}]},{\"@type\":\"WebSite\",\"@id\":\"https:\/\/pokelele.com\/it\/#website\",\"url\":\"https:\/\/pokelele.com\/it\/\",\"name\":\"Pok\u00e9 L\u00e9 L\u00e9\",\"description\":\"Pok\u00e9 L\u00e9 L\u00e9\",\"potentialAction\":[{\"@type\":\"SearchAction\",\"target\":{\"@type\":\"EntryPoint\",\"urlTemplate\":\"https:\/\/pokelele.com\/it\/?s={search_term_string}\"},\"query-input\":\"required name=search_term_string\"}],\"inLanguage\":\"fr-FR\"}]}<\/script>\n<!-- \/ Yoast SEO plugin. -->","yoast_head_json":{"title":"Qui sommes nous ? - Pok\u00e9 L\u00e9 L\u00e9","robots":{"index":"index","follow":"follow","max-snippet":"max-snippet:-1","max-image-preview":"max-image-preview:large","max-video-preview":"max-video-preview:-1"},"canonical":"https:\/\/pokelele.com\/fr\/qui-sommes-nous\/","og_locale":"fr_FR","og_type":"article","og_title":"Qui sommes nous ? - Pok\u00e9 L\u00e9 L\u00e9","og_description":"Avec plus de 300 stands en France, Sushi Gourmet vous propose de la gastronomie japonaise pr\u00e8s de chez vous","og_url":"https:\/\/pokelele.com\/fr\/qui-sommes-nous\/","og_site_name":"Pok\u00e9 L\u00e9 L\u00e9","article_modified_time":"2021-03-18T11:02:48+00:00","og_image":[{"width":1440,"height":235,"url":"https:\/\/pokelele.com\/wp-content\/uploads\/sites\/7\/2020\/11\/Sans-titre-2.png","type":"image\/png"}],"twitter_card":"summary_large_image","twitter_misc":{"Est. reading time":"1 minute"},"schema":{"@context":"https:\/\/schema.org","@graph":[{"@type":"WebPage","@id":"https:\/\/pokelele.com\/fr\/qui-sommes-nous\/","url":"https:\/\/pokelele.com\/fr\/qui-sommes-nous\/","name":"Qui sommes nous ? - Pok\u00e9 L\u00e9 L\u00e9","isPartOf":{"@id":"https:\/\/pokelele.com\/it\/#website"},"datePublished":"2020-04-10T21:06:47+00:00","dateModified":"2021-03-18T11:02:48+00:00","breadcrumb":{"@id":"https:\/\/pokelele.com\/fr\/qui-sommes-nous\/#breadcrumb"},"inLanguage":"fr-FR","potentialAction":[{"@type":"ReadAction","target":["https:\/\/pokelele.com\/fr\/qui-sommes-nous\/"]}]},{"@type":"BreadcrumbList","@id":"https:\/\/pokelele.com\/fr\/qui-sommes-nous\/#breadcrumb","itemListElement":[{"@type":"ListItem","position":1,"name":"Home","item":"https:\/\/pokelele.com\/fr\/"},{"@type":"ListItem","position":2,"name":"Qui sommes nous ?"}]},{"@type":"WebSite","@id":"https:\/\/pokelele.com\/it\/#website","url":"https:\/\/pokelele.com\/it\/","name":"Pok\u00e9 L\u00e9 L\u00e9","description":"Pok\u00e9 L\u00e9 L\u00e9","potentialAction":[{"@type":"SearchAction","target":{"@type":"EntryPoint","urlTemplate":"https:\/\/pokelele.com\/it\/?s={search_term_string}"},"query-input":"required name=search_term_string"}],"inLanguage":"fr-FR"}]}},"_links":{"self":[{"href":"https:\/\/pokelele.com\/fr\/wp-json\/wp\/v2\/pages\/11"}],"collection":[{"href":"https:\/\/pokelele.com\/fr\/wp-json\/wp\/v2\/pages"}],"about":[{"href":"https:\/\/pokelele.com\/fr\/wp-json\/wp\/v2\/types\/page"}],"author":[{"embeddable":true,"href":"https:\/\/pokelele.com\/fr\/wp-json\/wp\/v2\/users\/1"}],"replies":[{"embeddable":true,"href":"https:\/\/pokelele.com\/fr\/wp-json\/wp\/v2\/comments?post=11"}],"version-history":[{"count":16,"href":"https:\/\/pokelele.com\/fr\/wp-json\/wp\/v2\/pages\/11\/revisions"}],"predecessor-version":[{"id":4783,"href":"https:\/\/pokelele.com\/fr\/wp-json\/wp\/v2\/pages\/11\/revisions\/4783"}],"wp:featuredmedia":[{"embeddable":true,"href":"https:\/\/pokelele.com\/fr\/wp-json\/wp\/v2\/media\/3566"}],"wp:attachment":[{"href":"https:\/\/pokelele.com\/fr\/wp-json\/wp\/v2\/media?parent=11"}],"curies":[{"name":"wp","href":"https:\/\/api.w.org\/{rel}","templated":true}]}}