{"id":53,"date":"2020-05-08T21:27:19","date_gmt":"2020-05-08T21:27:19","guid":{"rendered":"https:\/\/pokelele.eu\/?page_id=53"},"modified":"2020-06-10T13:23:13","modified_gmt":"2020-06-10T13:23:13","slug":"hana-group","status":"publish","type":"page","link":"https:\/\/pokelele.com\/fr\/hana-group\/","title":{"rendered":"Hana Group, cr\u00e9ateur de beaux voyages culinaires"},"content":{"rendered":"\n<h3 class=\"wp-block-heading\">Hana Group vous propose des exp\u00e9riences culinaires venues d&rsquo;ailleurs.<\/h3>\n\n\n\n<p>Apr\u00e8s avoir cr\u00e9\u00e9 une marque qui s\u2019est rapidement impos\u00e9e parmi les leaders fran\u00e7ais de la cuisine japonaise en grande surface, Hana Group d\u00e9veloppe plus d&rsquo;une vingtaine d&rsquo;autres, partout dans le monde. Avec plus de 1000 points de vente dans 12 pays diff\u00e9rents Hana Group est le leader mondial de la gastronomie en magasin.<\/p>\n\n\n\n<h4 class=\"wp-block-heading\">Un portfolio de 20 marques<\/h4>\n\n\n\n<p>Nos diff\u00e9rentes marques offrent un concept de stand dans la grande distribution. Notre atout: des produits frais, de grande qualit\u00e9, pr\u00e9par\u00e9s chaque jour par nos chefs, dans toutes les cuisines du monde. Notre but : offrir un voyage culinaire en Italie, au Vietnam, en Tha\u00eflande \u00e0 tous nos consommateurs, en conservant nos valeurs : Confiance, G\u00e9n\u00e9rosit\u00e9 et Audace.<\/p>\n\n\n\n<figure class=\"wp-block-embed-youtube wp-block-embed is-type-video is-provider-youtube wp-embed-aspect-16-9 wp-has-aspect-ratio\"><div class=\"wp-block-embed__wrapper\">\n<iframe loading=\"lazy\" title=\"Hana Group - Cr\u00e9ateur de voyage culinaire\" width=\"500\" height=\"281\" src=\"https:\/\/www.youtube.com\/embed\/PRW8SrWFN80?feature=oembed\" frameborder=\"0\" allow=\"accelerometer; autoplay; clipboard-write; encrypted-media; gyroscope; picture-in-picture; web-share\" referrerpolicy=\"strict-origin-when-cross-origin\" allowfullscreen><\/iframe>\n<\/div><\/figure>\n\n\n\n  <p class=\"u-text-center\">\n    <a href=\"http:\/\/www.hanagroup.eu\" class=\"c-button\" rel=\"external\">En Savoir Plus<\/a>\n  <\/p>\n\n\n\n<p><\/p>\n","protected":false},"excerpt":{"rendered":"<p>Hana Group vous propose des exp\u00e9riences culinaires venues d&rsquo;ailleurs. Apr\u00e8s avoir cr\u00e9\u00e9 une marque qui s\u2019est rapidement impos\u00e9e parmi les leaders fran\u00e7ais de la cuisine japonaise en grande surface, Hana Group d\u00e9veloppe plus d&rsquo;une vingtaine d&rsquo;autres, partout dans le monde. Avec plus de 1000 points de vente dans 12 pays diff\u00e9rents Hana Group est le [&hellip;]<\/p>\n","protected":false},"author":1,"featured_media":758,"parent":0,"menu_order":0,"comment_status":"closed","ping_status":"closed","template":"","meta":{"_acf_changed":false,"footnotes":""},"class_list":["post-53","page","type-page","status-publish","has-post-thumbnail","hentry"],"acf":[],"yoast_head":"<!-- This site is optimized with the Yoast SEO plugin v22.1 - https:\/\/yoast.com\/wordpress\/plugins\/seo\/ -->\n<title>Hana Group, cr\u00e9ateur de beaux voyages culinaires - Pok\u00e9 L\u00e9 L\u00e9<\/title>\n<meta name=\"robots\" content=\"index, follow, max-snippet:-1, max-image-preview:large, max-video-preview:-1\" \/>\n<link rel=\"canonical\" href=\"https:\/\/pokelele.com\/fr\/hana-group\/\" \/>\n<meta property=\"og:locale\" content=\"fr_FR\" \/>\n<meta property=\"og:type\" content=\"article\" \/>\n<meta property=\"og:title\" content=\"Hana Group, cr\u00e9ateur de beaux voyages culinaires - Pok\u00e9 L\u00e9 L\u00e9\" \/>\n<meta property=\"og:description\" content=\"Hana Group vous propose des exp\u00e9riences culinaires venues d&rsquo;ailleurs. Apr\u00e8s avoir cr\u00e9\u00e9 une marque qui s\u2019est rapidement impos\u00e9e parmi les leaders fran\u00e7ais de la cuisine japonaise en grande surface, Hana Group d\u00e9veloppe plus d&rsquo;une vingtaine d&rsquo;autres, partout dans le monde. Avec plus de 1000 points de vente dans 12 pays diff\u00e9rents Hana Group est le [&hellip;]\" \/>\n<meta property=\"og:url\" content=\"https:\/\/pokelele.com\/fr\/hana-group\/\" \/>\n<meta property=\"og:site_name\" content=\"Pok\u00e9 L\u00e9 L\u00e9\" \/>\n<meta property=\"article:modified_time\" content=\"2020-06-10T13:23:13+00:00\" \/>\n<meta property=\"og:image\" content=\"https:\/\/pokelele.com\/wp-content\/uploads\/sites\/7\/2020\/05\/hanagroup.jpg\" \/>\n\t<meta property=\"og:image:width\" content=\"1920\" \/>\n\t<meta property=\"og:image:height\" content=\"1440\" \/>\n\t<meta property=\"og:image:type\" content=\"image\/jpeg\" \/>\n<meta name=\"twitter:card\" content=\"summary_large_image\" \/>\n<meta name=\"twitter:label1\" content=\"Est. reading time\" \/>\n\t<meta name=\"twitter:data1\" content=\"1 minute\" \/>\n<script type=\"application\/ld+json\" class=\"yoast-schema-graph\">{\"@context\":\"https:\/\/schema.org\",\"@graph\":[{\"@type\":\"WebPage\",\"@id\":\"https:\/\/pokelele.com\/fr\/hana-group\/\",\"url\":\"https:\/\/pokelele.com\/fr\/hana-group\/\",\"name\":\"Hana Group, cr\u00e9ateur de beaux voyages culinaires - Pok\u00e9 L\u00e9 L\u00e9\",\"isPartOf\":{\"@id\":\"https:\/\/pokelele.com\/it\/#website\"},\"datePublished\":\"2020-05-08T21:27:19+00:00\",\"dateModified\":\"2020-06-10T13:23:13+00:00\",\"breadcrumb\":{\"@id\":\"https:\/\/pokelele.com\/fr\/hana-group\/#breadcrumb\"},\"inLanguage\":\"fr-FR\",\"potentialAction\":[{\"@type\":\"ReadAction\",\"target\":[\"https:\/\/pokelele.com\/fr\/hana-group\/\"]}]},{\"@type\":\"BreadcrumbList\",\"@id\":\"https:\/\/pokelele.com\/fr\/hana-group\/#breadcrumb\",\"itemListElement\":[{\"@type\":\"ListItem\",\"position\":1,\"name\":\"Home\",\"item\":\"https:\/\/pokelele.com\/fr\/\"},{\"@type\":\"ListItem\",\"position\":2,\"name\":\"Hana Group, cr\u00e9ateur de beaux voyages culinaires\"}]},{\"@type\":\"WebSite\",\"@id\":\"https:\/\/pokelele.com\/it\/#website\",\"url\":\"https:\/\/pokelele.com\/it\/\",\"name\":\"Pok\u00e9 L\u00e9 L\u00e9\",\"description\":\"Pok\u00e9 L\u00e9 L\u00e9\",\"potentialAction\":[{\"@type\":\"SearchAction\",\"target\":{\"@type\":\"EntryPoint\",\"urlTemplate\":\"https:\/\/pokelele.com\/it\/?s={search_term_string}\"},\"query-input\":\"required name=search_term_string\"}],\"inLanguage\":\"fr-FR\"}]}<\/script>\n<!-- \/ Yoast SEO plugin. -->","yoast_head_json":{"title":"Hana Group, cr\u00e9ateur de beaux voyages culinaires - Pok\u00e9 L\u00e9 L\u00e9","robots":{"index":"index","follow":"follow","max-snippet":"max-snippet:-1","max-image-preview":"max-image-preview:large","max-video-preview":"max-video-preview:-1"},"canonical":"https:\/\/pokelele.com\/fr\/hana-group\/","og_locale":"fr_FR","og_type":"article","og_title":"Hana Group, cr\u00e9ateur de beaux voyages culinaires - Pok\u00e9 L\u00e9 L\u00e9","og_description":"Hana Group vous propose des exp\u00e9riences culinaires venues d&rsquo;ailleurs. Apr\u00e8s avoir cr\u00e9\u00e9 une marque qui s\u2019est rapidement impos\u00e9e parmi les leaders fran\u00e7ais de la cuisine japonaise en grande surface, Hana Group d\u00e9veloppe plus d&rsquo;une vingtaine d&rsquo;autres, partout dans le monde. Avec plus de 1000 points de vente dans 12 pays diff\u00e9rents Hana Group est le [&hellip;]","og_url":"https:\/\/pokelele.com\/fr\/hana-group\/","og_site_name":"Pok\u00e9 L\u00e9 L\u00e9","article_modified_time":"2020-06-10T13:23:13+00:00","og_image":[{"width":1920,"height":1440,"url":"https:\/\/pokelele.com\/wp-content\/uploads\/sites\/7\/2020\/05\/hanagroup.jpg","type":"image\/jpeg"}],"twitter_card":"summary_large_image","twitter_misc":{"Est. reading time":"1 minute"},"schema":{"@context":"https:\/\/schema.org","@graph":[{"@type":"WebPage","@id":"https:\/\/pokelele.com\/fr\/hana-group\/","url":"https:\/\/pokelele.com\/fr\/hana-group\/","name":"Hana Group, cr\u00e9ateur de beaux voyages culinaires - Pok\u00e9 L\u00e9 L\u00e9","isPartOf":{"@id":"https:\/\/pokelele.com\/it\/#website"},"datePublished":"2020-05-08T21:27:19+00:00","dateModified":"2020-06-10T13:23:13+00:00","breadcrumb":{"@id":"https:\/\/pokelele.com\/fr\/hana-group\/#breadcrumb"},"inLanguage":"fr-FR","potentialAction":[{"@type":"ReadAction","target":["https:\/\/pokelele.com\/fr\/hana-group\/"]}]},{"@type":"BreadcrumbList","@id":"https:\/\/pokelele.com\/fr\/hana-group\/#breadcrumb","itemListElement":[{"@type":"ListItem","position":1,"name":"Home","item":"https:\/\/pokelele.com\/fr\/"},{"@type":"ListItem","position":2,"name":"Hana Group, cr\u00e9ateur de beaux voyages culinaires"}]},{"@type":"WebSite","@id":"https:\/\/pokelele.com\/it\/#website","url":"https:\/\/pokelele.com\/it\/","name":"Pok\u00e9 L\u00e9 L\u00e9","description":"Pok\u00e9 L\u00e9 L\u00e9","potentialAction":[{"@type":"SearchAction","target":{"@type":"EntryPoint","urlTemplate":"https:\/\/pokelele.com\/it\/?s={search_term_string}"},"query-input":"required name=search_term_string"}],"inLanguage":"fr-FR"}]}},"_links":{"self":[{"href":"https:\/\/pokelele.com\/fr\/wp-json\/wp\/v2\/pages\/53"}],"collection":[{"href":"https:\/\/pokelele.com\/fr\/wp-json\/wp\/v2\/pages"}],"about":[{"href":"https:\/\/pokelele.com\/fr\/wp-json\/wp\/v2\/types\/page"}],"author":[{"embeddable":true,"href":"https:\/\/pokelele.com\/fr\/wp-json\/wp\/v2\/users\/1"}],"replies":[{"embeddable":true,"href":"https:\/\/pokelele.com\/fr\/wp-json\/wp\/v2\/comments?post=53"}],"version-history":[{"count":12,"href":"https:\/\/pokelele.com\/fr\/wp-json\/wp\/v2\/pages\/53\/revisions"}],"predecessor-version":[{"id":1457,"href":"https:\/\/pokelele.com\/fr\/wp-json\/wp\/v2\/pages\/53\/revisions\/1457"}],"wp:featuredmedia":[{"embeddable":true,"href":"https:\/\/pokelele.com\/fr\/wp-json\/wp\/v2\/media\/758"}],"wp:attachment":[{"href":"https:\/\/pokelele.com\/fr\/wp-json\/wp\/v2\/media?parent=53"}],"curies":[{"name":"wp","href":"https:\/\/api.w.org\/{rel}","templated":true}]}}