{"id":55,"date":"2020-05-08T21:27:36","date_gmt":"2020-05-08T21:27:36","guid":{"rendered":"https:\/\/pokelele.eu\/?page_id=55"},"modified":"2021-03-18T10:52:19","modified_gmt":"2021-03-18T10:52:19","slug":"recrutement","status":"publish","type":"page","link":"https:\/\/pokelele.com\/fr\/recrutement\/","title":{"rendered":"Rejoignez l&rsquo;aventure Pok\u00e9l\u00e9l\u00e9"},"content":{"rendered":"\n<h3 class=\"wp-block-heading\">Envie d&rsquo;une aventure unique? D\u00e9posez votre CV pour rejoindre l&rsquo;\u00e9quipe Pok\u00e9l\u00e9l\u00e9<\/h3>\n\n\n\n<figure class=\"wp-block-image size-large\"><img decoding=\"async\" src=\"https:\/\/pokelele.eu\/wp-content\/uploads\/sites\/7\/2020\/11\/recrutement-1-1024x768.jpg\" alt=\"\" class=\"wp-image-3574\"\/><\/figure>\n\n\n\n<p>Avec plus de 300 corners en France et des ouvertures chaque mois, nous recrutons r\u00e9guli\u00e8rement des commis de cuisine, des assistants chefs de cuisine, ou des chefs de cuisine !\u00a0 D\u00e9posez votre CV directement sur le stand le plus proche de chez vous, ou contactez-nous via le formulaire de contact.\u00a0<\/p>\n\n\n\n<h4 class=\"wp-block-heading\">Offres disponibles<\/h4>\n\n\n\n<p>Aucune offre disponible pour le moment.<\/p>\n\n\n\n<h4 class=\"wp-block-heading\">Postuler  <\/h4>\n\n\n\n<p>Remplissez les informations de mani\u00e8re d\u00e9taill\u00e9e et n&rsquo;oubliez pas de noter la r\u00e9f\u00e9rence du poste \u00e0 pouvoir. Ajoutez votre CV et votre lettre de motivation.<\/p>\n\n\n<div class=\"frm_forms  with_frm_style frm_center_submit frm_style_formidable-style\" id=\"frm_form_5_container\" >\n<form enctype=\"multipart\/form-data\" method=\"post\" class=\"frm-show-form \" id=\"form_postuler\" >\n<div class=\"frm_form_fields \">\n<fieldset>\n<legend class=\"frm_screen_reader\">Postuler<\/legend>\r\n\r\n<div class=\"frm_fields_container\">\n<input type=\"hidden\" name=\"frm_action\" value=\"create\" \/>\n<input type=\"hidden\" name=\"form_id\" value=\"5\" \/>\n<input type=\"hidden\" name=\"frm_hide_fields_5\" id=\"frm_hide_fields_5\" value=\"\" \/>\n<input type=\"hidden\" name=\"form_key\" value=\"postuler\" \/>\n<input type=\"hidden\" name=\"item_meta[0]\" value=\"\" \/>\n<input type=\"hidden\" id=\"frm_submit_entry_5\" name=\"frm_submit_entry_5\" value=\"79350c2f22\" \/><input type=\"hidden\" name=\"_wp_http_referer\" value=\"\/fr\/wp-json\/wp\/v2\/pages\/55\" \/><div id=\"frm_field_25_container\" class=\"frm_form_field form-field  frm_required_field frm_top_container frm_first frm_half\">\r\n    <label for=\"field_qh4icy2\" id=\"field_qh4icy2_label\" class=\"frm_primary_label\">Pr\u00e9nom\r\n        <span class=\"frm_required\">*<\/span>\r\n    <\/label>\r\n    <input type=\"text\" id=\"field_qh4icy2\" name=\"item_meta[25]\" value=\"\"  data-reqmsg=\"Ce champs ne peut pas \u00eatre vide\" aria-required=\"true\" data-invmsg=\"Name is invalid\" aria-invalid=\"false\"  \/>\r\n    \r\n    \r\n<\/div>\n<div id=\"frm_field_26_container\" class=\"frm_form_field form-field  frm_required_field frm_hidden_container frm_half\">\r\n    <label for=\"field_ocfup12\" id=\"field_ocfup12_label\" class=\"frm_primary_label\">Nom\r\n        <span class=\"frm_required\">*<\/span>\r\n    <\/label>\r\n    <input type=\"text\" id=\"field_ocfup12\" name=\"item_meta[26]\" value=\"\"  data-reqmsg=\"Ce champs ne peut pas \u00eatre vide.\" aria-required=\"true\" data-invmsg=\"Last is invalid\" aria-invalid=\"false\"  \/>\r\n    \r\n    \r\n<\/div>\n<div id=\"frm_field_27_container\" class=\"frm_form_field form-field  frm_required_field frm_top_container frm_full\">\r\n    <label for=\"field_29yf4d2\" id=\"field_29yf4d2_label\" class=\"frm_primary_label\">Mail\r\n        <span class=\"frm_required\">*<\/span>\r\n    <\/label>\r\n    <input type=\"email\" id=\"field_29yf4d2\" name=\"item_meta[27]\" value=\"\"  data-reqmsg=\"Ce champs ne peut pas \u00eatre vide.\" aria-required=\"true\" data-invmsg=\"Veuillez entrer une adresse \u00e9lectronique valide.\" aria-invalid=\"false\"  \/>\r\n    \r\n    \r\n<\/div>\n<div id=\"frm_field_28_container\" class=\"frm_form_field form-field  frm_required_field frm_top_container frm_full\">\r\n    <label for=\"field_e6lis62\" id=\"field_e6lis62_label\" class=\"frm_primary_label\">R\u00e9f\u00e9rence de l&#8217;emploi (par exemple #Paris001)\r\n        <span class=\"frm_required\">*<\/span>\r\n    <\/label>\r\n    <input type=\"text\" id=\"field_e6lis62\" name=\"item_meta[28]\" value=\"\"  data-reqmsg=\"Ce champs ne peut pas \u00eatre vide.\" aria-required=\"true\" data-invmsg=\"Subject is invalid\" aria-invalid=\"false\"  \/>\r\n    \r\n    \r\n<\/div>\n<div id=\"frm_field_29_container\" class=\"frm_form_field form-field  frm_required_field frm_top_container frm_full\">\r\n    <label for=\"field_9jv0r12\" id=\"field_9jv0r12_label\" class=\"frm_primary_label\">Votre message\r\n        <span class=\"frm_required\">*<\/span>\r\n    <\/label>\r\n    <textarea name=\"item_meta[29]\" id=\"field_9jv0r12\" rows=\"5\"  data-reqmsg=\"Ce champs ne peut pas \u00eatre vide.\" aria-required=\"true\" data-invmsg=\"Votre message is invalid\" aria-invalid=\"false\"  ><\/textarea>\r\n    \r\n    \r\n<\/div>\n<div id=\"frm_field_30_container\" class=\"frm_form_field form-field is-upload-file  frm_required_field frm_top_container\">\r\n    <div  id=\"field_c7s18_label\" class=\"frm_primary_label\">CV\r\n        <span class=\"frm_required\">*<\/span>\r\n    <\/div>\r\n    <input type=\"text\" id=\"field_c7s18\" name=\"item_meta[30]\" value=\"\"  data-reqmsg=\"Ce champs ne peut pas \u00eatre vide.\" data-invmsg=\"Le fichier t\u00e9l\u00e9charg\u00e9 n&#039;est pas valide.\" aria-invalid=\"false\"  \/>\r\n    \r\n    \r\n<\/div>\n<div id=\"frm_field_31_container\" class=\"frm_form_field form-field is-upload-file  frm_top_container\">\r\n    <div  id=\"field_sdsyw_label\" class=\"frm_primary_label\">Lettre de motivation (optionnel)\r\n        <span class=\"frm_required\"><\/span>\r\n    <\/div>\r\n    <input type=\"text\" id=\"field_sdsyw\" name=\"item_meta[31]\" value=\"\"  data-invmsg=\"Le fichier t\u00e9l\u00e9charg\u00e9 n&#039;est pas valide.\" aria-invalid=\"false\"  \/>\r\n    \r\n    \r\n<\/div>\n<input type=\"hidden\" id=\"field_8zhlx\" name=\"item_meta[34]\" value=\"\"    \/><div id=\"frm_field_37_container\" class=\"frm_form_field form-field  frm_hidden_container\">\r\n    <label for=\"g-recaptcha-response\" id=\"field_j4ppu_label\" class=\"frm_primary_label\">\r\n        <span class=\"frm_required\"><\/span>\r\n    <\/label>\r\n    <div  id=\"field_j4ppu\" class=\"g-recaptcha\" data-sitekey=\"6Ld8sbspAAAAAMAd7bWeE6UCyW8s_habncKxCuiP\" data-size=\"invisible\" data-theme=\"light\" data-callback=\"frmAfterRecaptcha\"><\/div>\r\n    \r\n    \r\n<\/div>\n\t<input type=\"hidden\" name=\"item_key\" value=\"\" \/>\n\t\t\t<div id=\"frm_field_53_container\">\n\t\t\t<label for=\"field_ifpmj\"  style=\"display:none;\">\n\t\t\t\tIf you are human, leave this field blank.\t\t\t<\/label>\n\t\t\t<input  id=\"field_ifpmj\" type=\"text\" class=\"frm_form_field form-field frm_verify\" name=\"item_meta[53]\" value=\"\"  style=\"display:none;\" \/>\n\t\t<\/div>\n\t\t<div class=\"frm_submit\">\r\n\r\n<button class=\"frm_button_submit c-button\" type=\"submit\"  >Postuler<\/button>\r\n\r\n<\/div><\/div>\n<\/fieldset>\n<\/div>\n\n<\/form>\n<\/div>\n","protected":false},"excerpt":{"rendered":"<p>Envie d&rsquo;une aventure unique? D\u00e9posez votre CV pour rejoindre l&rsquo;\u00e9quipe Pok\u00e9l\u00e9l\u00e9 Avec plus de 300 corners en France et des ouvertures chaque mois, nous recrutons r\u00e9guli\u00e8rement des commis de cuisine, des assistants chefs de cuisine, ou des chefs de cuisine !\u00a0 D\u00e9posez votre CV directement sur le stand le plus proche de chez vous, ou [&hellip;]<\/p>\n","protected":false},"author":1,"featured_media":0,"parent":0,"menu_order":0,"comment_status":"closed","ping_status":"closed","template":"","meta":{"_acf_changed":false,"footnotes":""},"class_list":["post-55","page","type-page","status-publish","hentry"],"acf":[],"yoast_head":"<!-- This site is optimized with the Yoast SEO plugin v22.1 - https:\/\/yoast.com\/wordpress\/plugins\/seo\/ -->\n<title>Rejoignez l&#039;aventure Pok\u00e9l\u00e9l\u00e9 - Pok\u00e9 L\u00e9 L\u00e9<\/title>\n<meta name=\"robots\" content=\"index, follow, max-snippet:-1, max-image-preview:large, max-video-preview:-1\" \/>\n<link rel=\"canonical\" href=\"https:\/\/pokelele.com\/fr\/recrutement\/\" \/>\n<meta property=\"og:locale\" content=\"fr_FR\" \/>\n<meta property=\"og:type\" content=\"article\" \/>\n<meta property=\"og:title\" content=\"Rejoignez l&#039;aventure Pok\u00e9l\u00e9l\u00e9 - Pok\u00e9 L\u00e9 L\u00e9\" \/>\n<meta property=\"og:description\" content=\"Envie d&rsquo;une aventure unique? D\u00e9posez votre CV pour rejoindre l&rsquo;\u00e9quipe Pok\u00e9l\u00e9l\u00e9 Avec plus de 300 corners en France et des ouvertures chaque mois, nous recrutons r\u00e9guli\u00e8rement des commis de cuisine, des assistants chefs de cuisine, ou des chefs de cuisine !\u00a0 D\u00e9posez votre CV directement sur le stand le plus proche de chez vous, ou [&hellip;]\" \/>\n<meta property=\"og:url\" content=\"https:\/\/pokelele.com\/fr\/recrutement\/\" \/>\n<meta property=\"og:site_name\" content=\"Pok\u00e9 L\u00e9 L\u00e9\" \/>\n<meta property=\"article:modified_time\" content=\"2021-03-18T10:52:19+00:00\" \/>\n<meta property=\"og:image\" content=\"https:\/\/pokelele.eu\/wp-content\/uploads\/sites\/7\/2020\/11\/recrutement-1-1024x768.jpg\" \/>\n<meta name=\"twitter:card\" content=\"summary_large_image\" \/>\n<meta name=\"twitter:label1\" content=\"Est. reading time\" \/>\n\t<meta name=\"twitter:data1\" content=\"1 minute\" \/>\n<script type=\"application\/ld+json\" class=\"yoast-schema-graph\">{\"@context\":\"https:\/\/schema.org\",\"@graph\":[{\"@type\":\"WebPage\",\"@id\":\"https:\/\/pokelele.com\/fr\/recrutement\/\",\"url\":\"https:\/\/pokelele.com\/fr\/recrutement\/\",\"name\":\"Rejoignez l'aventure Pok\u00e9l\u00e9l\u00e9 - Pok\u00e9 L\u00e9 L\u00e9\",\"isPartOf\":{\"@id\":\"https:\/\/pokelele.com\/it\/#website\"},\"datePublished\":\"2020-05-08T21:27:36+00:00\",\"dateModified\":\"2021-03-18T10:52:19+00:00\",\"breadcrumb\":{\"@id\":\"https:\/\/pokelele.com\/fr\/recrutement\/#breadcrumb\"},\"inLanguage\":\"fr-FR\",\"potentialAction\":[{\"@type\":\"ReadAction\",\"target\":[\"https:\/\/pokelele.com\/fr\/recrutement\/\"]}]},{\"@type\":\"BreadcrumbList\",\"@id\":\"https:\/\/pokelele.com\/fr\/recrutement\/#breadcrumb\",\"itemListElement\":[{\"@type\":\"ListItem\",\"position\":1,\"name\":\"Home\",\"item\":\"https:\/\/pokelele.com\/fr\/\"},{\"@type\":\"ListItem\",\"position\":2,\"name\":\"Rejoignez l&rsquo;aventure Pok\u00e9l\u00e9l\u00e9\"}]},{\"@type\":\"WebSite\",\"@id\":\"https:\/\/pokelele.com\/it\/#website\",\"url\":\"https:\/\/pokelele.com\/it\/\",\"name\":\"Pok\u00e9 L\u00e9 L\u00e9\",\"description\":\"Pok\u00e9 L\u00e9 L\u00e9\",\"potentialAction\":[{\"@type\":\"SearchAction\",\"target\":{\"@type\":\"EntryPoint\",\"urlTemplate\":\"https:\/\/pokelele.com\/it\/?s={search_term_string}\"},\"query-input\":\"required name=search_term_string\"}],\"inLanguage\":\"fr-FR\"}]}<\/script>\n<!-- \/ Yoast SEO plugin. -->","yoast_head_json":{"title":"Rejoignez l'aventure Pok\u00e9l\u00e9l\u00e9 - Pok\u00e9 L\u00e9 L\u00e9","robots":{"index":"index","follow":"follow","max-snippet":"max-snippet:-1","max-image-preview":"max-image-preview:large","max-video-preview":"max-video-preview:-1"},"canonical":"https:\/\/pokelele.com\/fr\/recrutement\/","og_locale":"fr_FR","og_type":"article","og_title":"Rejoignez l'aventure Pok\u00e9l\u00e9l\u00e9 - Pok\u00e9 L\u00e9 L\u00e9","og_description":"Envie d&rsquo;une aventure unique? D\u00e9posez votre CV pour rejoindre l&rsquo;\u00e9quipe Pok\u00e9l\u00e9l\u00e9 Avec plus de 300 corners en France et des ouvertures chaque mois, nous recrutons r\u00e9guli\u00e8rement des commis de cuisine, des assistants chefs de cuisine, ou des chefs de cuisine !\u00a0 D\u00e9posez votre CV directement sur le stand le plus proche de chez vous, ou [&hellip;]","og_url":"https:\/\/pokelele.com\/fr\/recrutement\/","og_site_name":"Pok\u00e9 L\u00e9 L\u00e9","article_modified_time":"2021-03-18T10:52:19+00:00","og_image":[{"url":"https:\/\/pokelele.eu\/wp-content\/uploads\/sites\/7\/2020\/11\/recrutement-1-1024x768.jpg"}],"twitter_card":"summary_large_image","twitter_misc":{"Est. reading time":"1 minute"},"schema":{"@context":"https:\/\/schema.org","@graph":[{"@type":"WebPage","@id":"https:\/\/pokelele.com\/fr\/recrutement\/","url":"https:\/\/pokelele.com\/fr\/recrutement\/","name":"Rejoignez l'aventure Pok\u00e9l\u00e9l\u00e9 - Pok\u00e9 L\u00e9 L\u00e9","isPartOf":{"@id":"https:\/\/pokelele.com\/it\/#website"},"datePublished":"2020-05-08T21:27:36+00:00","dateModified":"2021-03-18T10:52:19+00:00","breadcrumb":{"@id":"https:\/\/pokelele.com\/fr\/recrutement\/#breadcrumb"},"inLanguage":"fr-FR","potentialAction":[{"@type":"ReadAction","target":["https:\/\/pokelele.com\/fr\/recrutement\/"]}]},{"@type":"BreadcrumbList","@id":"https:\/\/pokelele.com\/fr\/recrutement\/#breadcrumb","itemListElement":[{"@type":"ListItem","position":1,"name":"Home","item":"https:\/\/pokelele.com\/fr\/"},{"@type":"ListItem","position":2,"name":"Rejoignez l&rsquo;aventure Pok\u00e9l\u00e9l\u00e9"}]},{"@type":"WebSite","@id":"https:\/\/pokelele.com\/it\/#website","url":"https:\/\/pokelele.com\/it\/","name":"Pok\u00e9 L\u00e9 L\u00e9","description":"Pok\u00e9 L\u00e9 L\u00e9","potentialAction":[{"@type":"SearchAction","target":{"@type":"EntryPoint","urlTemplate":"https:\/\/pokelele.com\/it\/?s={search_term_string}"},"query-input":"required name=search_term_string"}],"inLanguage":"fr-FR"}]}},"_links":{"self":[{"href":"https:\/\/pokelele.com\/fr\/wp-json\/wp\/v2\/pages\/55"}],"collection":[{"href":"https:\/\/pokelele.com\/fr\/wp-json\/wp\/v2\/pages"}],"about":[{"href":"https:\/\/pokelele.com\/fr\/wp-json\/wp\/v2\/types\/page"}],"author":[{"embeddable":true,"href":"https:\/\/pokelele.com\/fr\/wp-json\/wp\/v2\/users\/1"}],"replies":[{"embeddable":true,"href":"https:\/\/pokelele.com\/fr\/wp-json\/wp\/v2\/comments?post=55"}],"version-history":[{"count":15,"href":"https:\/\/pokelele.com\/fr\/wp-json\/wp\/v2\/pages\/55\/revisions"}],"predecessor-version":[{"id":3744,"href":"https:\/\/pokelele.com\/fr\/wp-json\/wp\/v2\/pages\/55\/revisions\/3744"}],"wp:attachment":[{"href":"https:\/\/pokelele.com\/fr\/wp-json\/wp\/v2\/media?parent=55"}],"curies":[{"name":"wp","href":"https:\/\/api.w.org\/{rel}","templated":true}]}}