{"id":2446,"date":"2020-05-08T21:27:19","date_gmt":"2020-05-08T21:27:19","guid":{"rendered":"https:\/\/pokelele.eu\/hana-group\/"},"modified":"2020-05-08T21:27:19","modified_gmt":"2020-05-08T21:27:19","slug":"hana-group","status":"publish","type":"page","link":"https:\/\/pokelele.com\/ga\/hana-group\/","title":{"rendered":"Hana Group, creator of beautiful culinary journeys"},"content":{"rendered":"\n<h3 class=\"wp-block-heading\">Hana Group offers culinary experiences from around the world.<\/h3>\n\n\n\n<p>After having created a brand that quickly became one of the leaders in Japanese cuisine in supermarkets, Hana Group has developed more than twenty brands all over the world. With more than 1000 points of sale in 12 different countries, Hana Group is the world leader in in-store gastronomy.<\/p>\n\n\n\n<h4 class=\"wp-block-heading\">A portfolio of 20 brands<\/h4>\n\n\n\n<p>Our different brands offer innovative concepts in the retail sector. Our strength is in fresh, high-quality products, prepared daily by our chefs in kitchens across the world. Our goal: to offer a culinary journey in Italy, Vietnam, Thailand to all our consumers, while preserving our values: Confidence, Generosity and Audacity.<\/p>\n\n\n\n<figure class=\"wp-block-embed-youtube wp-block-embed is-type-video is-provider-youtube wp-embed-aspect-16-9 wp-has-aspect-ratio\"><div class=\"wp-block-embed__wrapper\">\n<iframe loading=\"lazy\" title=\"Hana Group - Cr\u00e9ateur de voyage culinaire\" width=\"500\" height=\"281\" src=\"https:\/\/www.youtube.com\/embed\/PRW8SrWFN80?feature=oembed\" frameborder=\"0\" allow=\"accelerometer; autoplay; clipboard-write; encrypted-media; gyroscope; picture-in-picture; web-share\" referrerpolicy=\"strict-origin-when-cross-origin\" allowfullscreen><\/iframe>\n<\/div><\/figure>\n\n\n\n  <p class=\"u-text-center\">\n    <a href=\"http:\/\/www.hanagroup.eu\" class=\"c-button\" rel=\"external\">To find out more<\/a>\n  <\/p>\n\n\n\n<p><\/p>\n","protected":false},"excerpt":{"rendered":"<p>Hana Group offers culinary experiences from around the world. After having created a brand that quickly became one of the leaders in Japanese cuisine in supermarkets, Hana Group has developed more than twenty brands all over the world. With more than 1000 points of sale in 12 different countries, Hana Group is the world leader [&hellip;]<\/p>\n","protected":false},"author":1,"featured_media":2447,"parent":0,"menu_order":0,"comment_status":"closed","ping_status":"closed","template":"","meta":{"_acf_changed":false,"footnotes":""},"class_list":["post-2446","page","type-page","status-publish","has-post-thumbnail","hentry"],"acf":[],"yoast_head":"<!-- This site is optimized with the Yoast SEO plugin v22.1 - https:\/\/yoast.com\/wordpress\/plugins\/seo\/ -->\n<title>Hana Group, creator of beautiful culinary journeys - Pok\u00e9 L\u00e9 L\u00e9<\/title>\n<meta name=\"robots\" content=\"index, follow, max-snippet:-1, max-image-preview:large, max-video-preview:-1\" \/>\n<link rel=\"canonical\" href=\"https:\/\/pokelele.com\/ga\/hana-group\/\" \/>\n<meta property=\"og:locale\" content=\"ga_IE\" \/>\n<meta property=\"og:type\" content=\"article\" \/>\n<meta property=\"og:title\" content=\"Hana Group, creator of beautiful culinary journeys - Pok\u00e9 L\u00e9 L\u00e9\" \/>\n<meta property=\"og:description\" content=\"Hana Group offers culinary experiences from around the world. After having created a brand that quickly became one of the leaders in Japanese cuisine in supermarkets, Hana Group has developed more than twenty brands all over the world. With more than 1000 points of sale in 12 different countries, Hana Group is the world leader [&hellip;]\" \/>\n<meta property=\"og:url\" content=\"https:\/\/pokelele.com\/ga\/hana-group\/\" \/>\n<meta property=\"og:site_name\" content=\"Pok\u00e9 L\u00e9 L\u00e9\" \/>\n<meta property=\"og:image\" content=\"https:\/\/pokelele.com\/wp-content\/uploads\/sites\/7\/2020\/05\/hanagroup.jpg\" \/>\n\t<meta property=\"og:image:width\" content=\"1920\" \/>\n\t<meta property=\"og:image:height\" content=\"1440\" \/>\n\t<meta property=\"og:image:type\" content=\"image\/jpeg\" \/>\n<meta name=\"twitter:card\" content=\"summary_large_image\" \/>\n<meta name=\"twitter:label1\" content=\"Est. reading time\" \/>\n\t<meta name=\"twitter:data1\" content=\"1 minute\" \/>\n<script type=\"application\/ld+json\" class=\"yoast-schema-graph\">{\"@context\":\"https:\/\/schema.org\",\"@graph\":[{\"@type\":\"WebPage\",\"@id\":\"https:\/\/pokelele.com\/ga\/hana-group\/\",\"url\":\"https:\/\/pokelele.com\/ga\/hana-group\/\",\"name\":\"Hana Group, creator of beautiful culinary journeys - Pok\u00e9 L\u00e9 L\u00e9\",\"isPartOf\":{\"@id\":\"https:\/\/pokelele.com\/it\/#website\"},\"datePublished\":\"2020-05-08T21:27:19+00:00\",\"dateModified\":\"2020-05-08T21:27:19+00:00\",\"breadcrumb\":{\"@id\":\"https:\/\/pokelele.com\/ga\/hana-group\/#breadcrumb\"},\"inLanguage\":\"ga-IE\",\"potentialAction\":[{\"@type\":\"ReadAction\",\"target\":[\"https:\/\/pokelele.com\/ga\/hana-group\/\"]}]},{\"@type\":\"BreadcrumbList\",\"@id\":\"https:\/\/pokelele.com\/ga\/hana-group\/#breadcrumb\",\"itemListElement\":[{\"@type\":\"ListItem\",\"position\":1,\"name\":\"Home\",\"item\":\"https:\/\/pokelele.com\/ga\/\"},{\"@type\":\"ListItem\",\"position\":2,\"name\":\"Hana Group, creator of beautiful culinary journeys\"}]},{\"@type\":\"WebSite\",\"@id\":\"https:\/\/pokelele.com\/it\/#website\",\"url\":\"https:\/\/pokelele.com\/it\/\",\"name\":\"Pok\u00e9 L\u00e9 L\u00e9\",\"description\":\"Pok\u00e9 L\u00e9 L\u00e9\",\"potentialAction\":[{\"@type\":\"SearchAction\",\"target\":{\"@type\":\"EntryPoint\",\"urlTemplate\":\"https:\/\/pokelele.com\/it\/?s={search_term_string}\"},\"query-input\":\"required name=search_term_string\"}],\"inLanguage\":\"ga-IE\"}]}<\/script>\n<!-- \/ Yoast SEO plugin. -->","yoast_head_json":{"title":"Hana Group, creator of beautiful culinary journeys - Pok\u00e9 L\u00e9 L\u00e9","robots":{"index":"index","follow":"follow","max-snippet":"max-snippet:-1","max-image-preview":"max-image-preview:large","max-video-preview":"max-video-preview:-1"},"canonical":"https:\/\/pokelele.com\/ga\/hana-group\/","og_locale":"ga_IE","og_type":"article","og_title":"Hana Group, creator of beautiful culinary journeys - Pok\u00e9 L\u00e9 L\u00e9","og_description":"Hana Group offers culinary experiences from around the world. After having created a brand that quickly became one of the leaders in Japanese cuisine in supermarkets, Hana Group has developed more than twenty brands all over the world. With more than 1000 points of sale in 12 different countries, Hana Group is the world leader [&hellip;]","og_url":"https:\/\/pokelele.com\/ga\/hana-group\/","og_site_name":"Pok\u00e9 L\u00e9 L\u00e9","og_image":[{"width":1920,"height":1440,"url":"https:\/\/pokelele.com\/wp-content\/uploads\/sites\/7\/2020\/05\/hanagroup.jpg","type":"image\/jpeg"}],"twitter_card":"summary_large_image","twitter_misc":{"Est. reading time":"1 minute"},"schema":{"@context":"https:\/\/schema.org","@graph":[{"@type":"WebPage","@id":"https:\/\/pokelele.com\/ga\/hana-group\/","url":"https:\/\/pokelele.com\/ga\/hana-group\/","name":"Hana Group, creator of beautiful culinary journeys - Pok\u00e9 L\u00e9 L\u00e9","isPartOf":{"@id":"https:\/\/pokelele.com\/it\/#website"},"datePublished":"2020-05-08T21:27:19+00:00","dateModified":"2020-05-08T21:27:19+00:00","breadcrumb":{"@id":"https:\/\/pokelele.com\/ga\/hana-group\/#breadcrumb"},"inLanguage":"ga-IE","potentialAction":[{"@type":"ReadAction","target":["https:\/\/pokelele.com\/ga\/hana-group\/"]}]},{"@type":"BreadcrumbList","@id":"https:\/\/pokelele.com\/ga\/hana-group\/#breadcrumb","itemListElement":[{"@type":"ListItem","position":1,"name":"Home","item":"https:\/\/pokelele.com\/ga\/"},{"@type":"ListItem","position":2,"name":"Hana Group, creator of beautiful culinary journeys"}]},{"@type":"WebSite","@id":"https:\/\/pokelele.com\/it\/#website","url":"https:\/\/pokelele.com\/it\/","name":"Pok\u00e9 L\u00e9 L\u00e9","description":"Pok\u00e9 L\u00e9 L\u00e9","potentialAction":[{"@type":"SearchAction","target":{"@type":"EntryPoint","urlTemplate":"https:\/\/pokelele.com\/it\/?s={search_term_string}"},"query-input":"required name=search_term_string"}],"inLanguage":"ga-IE"}]}},"_links":{"self":[{"href":"https:\/\/pokelele.com\/ga\/wp-json\/wp\/v2\/pages\/2446"}],"collection":[{"href":"https:\/\/pokelele.com\/ga\/wp-json\/wp\/v2\/pages"}],"about":[{"href":"https:\/\/pokelele.com\/ga\/wp-json\/wp\/v2\/types\/page"}],"author":[{"embeddable":true,"href":"https:\/\/pokelele.com\/ga\/wp-json\/wp\/v2\/users\/1"}],"replies":[{"embeddable":true,"href":"https:\/\/pokelele.com\/ga\/wp-json\/wp\/v2\/comments?post=2446"}],"version-history":[{"count":0,"href":"https:\/\/pokelele.com\/ga\/wp-json\/wp\/v2\/pages\/2446\/revisions"}],"wp:featuredmedia":[{"embeddable":true,"href":"https:\/\/pokelele.com\/ga\/wp-json\/wp\/v2\/media\/2447"}],"wp:attachment":[{"href":"https:\/\/pokelele.com\/ga\/wp-json\/wp\/v2\/media?parent=2446"}],"curies":[{"name":"wp","href":"https:\/\/api.w.org\/{rel}","templated":true}]}}