{"id":1865,"date":"2020-05-08T21:27:19","date_gmt":"2020-05-08T21:27:19","guid":{"rendered":"https:\/\/pokelele.eu\/hana-group\/"},"modified":"2020-08-27T13:45:53","modified_gmt":"2020-08-27T13:45:53","slug":"hana-group-it","status":"publish","type":"page","link":"https:\/\/pokelele.com\/it\/hana-group-it\/","title":{"rendered":"Hana Group, creatore di meravigliosi viaggi culinari"},"content":{"rendered":"\n<h3 class=\"wp-block-heading\">Hana Group offre esperienze culinarie da tutto il mondo.<\/h3>\n\n\n\n<p>Dopo aver creato un marchio che \u00e8 diventato rapidamente uno dei leader mondiali nella cucina giapponese nella GDO, Hana Group ne sta sviluppando altri venti in tutto il mondo. Con oltre 1000 punti vendita in 12 paesi diversi, Hana Group \u00e8 ormai diventato il leader mondiale nella gastronomia in-store.<\/p>\n\n\n\n<h4 class=\"wp-block-heading\">Un portfolio di 20 brands<\/h4>\n\n\n\n<p>I nostri diversi marchi offrono uno stand-concept nel settore della vendita al dettaglio. Il nostro punto di forza: prodotti freschi e di alta qualit\u00e0, preparati quotidianamente dai nostri chef in tutte le cucine del mondo. Il nostro obiettivo: offrire un viaggio culinario in Italia, Vietnam, Tailandia a tutti i nostri consumatori, preservando i nostri valori: fiducia, generosit\u00e0 e audacia.<\/p>\n\n\n\n<figure class=\"wp-block-embed-youtube wp-block-embed is-type-video is-provider-youtube wp-embed-aspect-16-9 wp-has-aspect-ratio\"><div class=\"wp-block-embed__wrapper\">\n<iframe loading=\"lazy\" title=\"Hana Group - Cr\u00e9ateur de voyage culinaire\" width=\"500\" height=\"281\" src=\"https:\/\/www.youtube.com\/embed\/PRW8SrWFN80?feature=oembed\" frameborder=\"0\" allow=\"accelerometer; autoplay; clipboard-write; encrypted-media; gyroscope; picture-in-picture; web-share\" referrerpolicy=\"strict-origin-when-cross-origin\" allowfullscreen><\/iframe>\n<\/div><\/figure>\n\n\n\n  <p class=\"u-text-center\">\n    <a href=\"http:\/\/www.hanagroup.eu\" class=\"c-button\" rel=\"external\">Per saperne di pi\u00f9<\/a>\n  <\/p>\n\n\n\n<p><\/p>\n","protected":false},"excerpt":{"rendered":"<p>Hana Group offre esperienze culinarie da tutto il mondo. Dopo aver creato un marchio che \u00e8 diventato rapidamente uno dei leader mondiali nella cucina giapponese nella GDO, Hana Group ne sta sviluppando altri venti in tutto il mondo. Con oltre 1000 punti vendita in 12 paesi diversi, Hana Group \u00e8 ormai diventato il leader mondiale [&hellip;]<\/p>\n","protected":false},"author":1,"featured_media":1866,"parent":0,"menu_order":0,"comment_status":"closed","ping_status":"closed","template":"","meta":{"_acf_changed":false,"footnotes":""},"class_list":["post-1865","page","type-page","status-publish","has-post-thumbnail","hentry"],"acf":[],"yoast_head":"<!-- This site is optimized with the Yoast SEO plugin v22.1 - https:\/\/yoast.com\/wordpress\/plugins\/seo\/ -->\n<title>Hana Group, creatore di meravigliosi viaggi culinari - Pok\u00e9 L\u00e9 L\u00e9<\/title>\n<meta name=\"robots\" content=\"index, follow, max-snippet:-1, max-image-preview:large, max-video-preview:-1\" \/>\n<link rel=\"canonical\" href=\"https:\/\/pokelele.com\/it\/hana-group-it\/\" \/>\n<meta property=\"og:locale\" content=\"it_IT\" \/>\n<meta property=\"og:type\" content=\"article\" \/>\n<meta property=\"og:title\" content=\"Hana Group, creatore di meravigliosi viaggi culinari - Pok\u00e9 L\u00e9 L\u00e9\" \/>\n<meta property=\"og:description\" content=\"Hana Group offre esperienze culinarie da tutto il mondo. Dopo aver creato un marchio che \u00e8 diventato rapidamente uno dei leader mondiali nella cucina giapponese nella GDO, Hana Group ne sta sviluppando altri venti in tutto il mondo. Con oltre 1000 punti vendita in 12 paesi diversi, Hana Group \u00e8 ormai diventato il leader mondiale [&hellip;]\" \/>\n<meta property=\"og:url\" content=\"https:\/\/pokelele.com\/it\/hana-group-it\/\" \/>\n<meta property=\"og:site_name\" content=\"Pok\u00e9 L\u00e9 L\u00e9\" \/>\n<meta property=\"article:modified_time\" content=\"2020-08-27T13:45:53+00:00\" \/>\n<meta property=\"og:image\" content=\"https:\/\/pokelele.com\/wp-content\/uploads\/sites\/7\/2020\/05\/hanagroup.jpg\" \/>\n\t<meta property=\"og:image:width\" content=\"1920\" \/>\n\t<meta property=\"og:image:height\" content=\"1440\" \/>\n\t<meta property=\"og:image:type\" content=\"image\/jpeg\" \/>\n<meta name=\"twitter:card\" content=\"summary_large_image\" \/>\n<meta name=\"twitter:label1\" content=\"Est. reading time\" \/>\n\t<meta name=\"twitter:data1\" content=\"1 minuto\" \/>\n<script type=\"application\/ld+json\" class=\"yoast-schema-graph\">{\"@context\":\"https:\/\/schema.org\",\"@graph\":[{\"@type\":\"WebPage\",\"@id\":\"https:\/\/pokelele.com\/it\/hana-group-it\/\",\"url\":\"https:\/\/pokelele.com\/it\/hana-group-it\/\",\"name\":\"Hana Group, creatore di meravigliosi viaggi culinari - Pok\u00e9 L\u00e9 L\u00e9\",\"isPartOf\":{\"@id\":\"https:\/\/pokelele.com\/it\/#website\"},\"datePublished\":\"2020-05-08T21:27:19+00:00\",\"dateModified\":\"2020-08-27T13:45:53+00:00\",\"breadcrumb\":{\"@id\":\"https:\/\/pokelele.com\/it\/hana-group-it\/#breadcrumb\"},\"inLanguage\":\"it-IT\",\"potentialAction\":[{\"@type\":\"ReadAction\",\"target\":[\"https:\/\/pokelele.com\/it\/hana-group-it\/\"]}]},{\"@type\":\"BreadcrumbList\",\"@id\":\"https:\/\/pokelele.com\/it\/hana-group-it\/#breadcrumb\",\"itemListElement\":[{\"@type\":\"ListItem\",\"position\":1,\"name\":\"Home\",\"item\":\"https:\/\/pokelele.com\/it\/\"},{\"@type\":\"ListItem\",\"position\":2,\"name\":\"Hana Group, creatore di meravigliosi viaggi culinari\"}]},{\"@type\":\"WebSite\",\"@id\":\"https:\/\/pokelele.com\/it\/#website\",\"url\":\"https:\/\/pokelele.com\/it\/\",\"name\":\"Pok\u00e9 L\u00e9 L\u00e9\",\"description\":\"Pok\u00e9 L\u00e9 L\u00e9\",\"potentialAction\":[{\"@type\":\"SearchAction\",\"target\":{\"@type\":\"EntryPoint\",\"urlTemplate\":\"https:\/\/pokelele.com\/it\/?s={search_term_string}\"},\"query-input\":\"required name=search_term_string\"}],\"inLanguage\":\"it-IT\"}]}<\/script>\n<!-- \/ Yoast SEO plugin. -->","yoast_head_json":{"title":"Hana Group, creatore di meravigliosi viaggi culinari - Pok\u00e9 L\u00e9 L\u00e9","robots":{"index":"index","follow":"follow","max-snippet":"max-snippet:-1","max-image-preview":"max-image-preview:large","max-video-preview":"max-video-preview:-1"},"canonical":"https:\/\/pokelele.com\/it\/hana-group-it\/","og_locale":"it_IT","og_type":"article","og_title":"Hana Group, creatore di meravigliosi viaggi culinari - Pok\u00e9 L\u00e9 L\u00e9","og_description":"Hana Group offre esperienze culinarie da tutto il mondo. Dopo aver creato un marchio che \u00e8 diventato rapidamente uno dei leader mondiali nella cucina giapponese nella GDO, Hana Group ne sta sviluppando altri venti in tutto il mondo. Con oltre 1000 punti vendita in 12 paesi diversi, Hana Group \u00e8 ormai diventato il leader mondiale [&hellip;]","og_url":"https:\/\/pokelele.com\/it\/hana-group-it\/","og_site_name":"Pok\u00e9 L\u00e9 L\u00e9","article_modified_time":"2020-08-27T13:45:53+00:00","og_image":[{"width":1920,"height":1440,"url":"https:\/\/pokelele.com\/wp-content\/uploads\/sites\/7\/2020\/05\/hanagroup.jpg","type":"image\/jpeg"}],"twitter_card":"summary_large_image","twitter_misc":{"Est. reading time":"1 minuto"},"schema":{"@context":"https:\/\/schema.org","@graph":[{"@type":"WebPage","@id":"https:\/\/pokelele.com\/it\/hana-group-it\/","url":"https:\/\/pokelele.com\/it\/hana-group-it\/","name":"Hana Group, creatore di meravigliosi viaggi culinari - Pok\u00e9 L\u00e9 L\u00e9","isPartOf":{"@id":"https:\/\/pokelele.com\/it\/#website"},"datePublished":"2020-05-08T21:27:19+00:00","dateModified":"2020-08-27T13:45:53+00:00","breadcrumb":{"@id":"https:\/\/pokelele.com\/it\/hana-group-it\/#breadcrumb"},"inLanguage":"it-IT","potentialAction":[{"@type":"ReadAction","target":["https:\/\/pokelele.com\/it\/hana-group-it\/"]}]},{"@type":"BreadcrumbList","@id":"https:\/\/pokelele.com\/it\/hana-group-it\/#breadcrumb","itemListElement":[{"@type":"ListItem","position":1,"name":"Home","item":"https:\/\/pokelele.com\/it\/"},{"@type":"ListItem","position":2,"name":"Hana Group, creatore di meravigliosi viaggi culinari"}]},{"@type":"WebSite","@id":"https:\/\/pokelele.com\/it\/#website","url":"https:\/\/pokelele.com\/it\/","name":"Pok\u00e9 L\u00e9 L\u00e9","description":"Pok\u00e9 L\u00e9 L\u00e9","potentialAction":[{"@type":"SearchAction","target":{"@type":"EntryPoint","urlTemplate":"https:\/\/pokelele.com\/it\/?s={search_term_string}"},"query-input":"required name=search_term_string"}],"inLanguage":"it-IT"}]}},"_links":{"self":[{"href":"https:\/\/pokelele.com\/it\/wp-json\/wp\/v2\/pages\/1865"}],"collection":[{"href":"https:\/\/pokelele.com\/it\/wp-json\/wp\/v2\/pages"}],"about":[{"href":"https:\/\/pokelele.com\/it\/wp-json\/wp\/v2\/types\/page"}],"author":[{"embeddable":true,"href":"https:\/\/pokelele.com\/it\/wp-json\/wp\/v2\/users\/1"}],"replies":[{"embeddable":true,"href":"https:\/\/pokelele.com\/it\/wp-json\/wp\/v2\/comments?post=1865"}],"version-history":[{"count":4,"href":"https:\/\/pokelele.com\/it\/wp-json\/wp\/v2\/pages\/1865\/revisions"}],"predecessor-version":[{"id":1959,"href":"https:\/\/pokelele.com\/it\/wp-json\/wp\/v2\/pages\/1865\/revisions\/1959"}],"wp:featuredmedia":[{"embeddable":true,"href":"https:\/\/pokelele.com\/it\/wp-json\/wp\/v2\/media\/1866"}],"wp:attachment":[{"href":"https:\/\/pokelele.com\/it\/wp-json\/wp\/v2\/media?parent=1865"}],"curies":[{"name":"wp","href":"https:\/\/api.w.org\/{rel}","templated":true}]}}