{"id":1868,"date":"2020-05-08T21:29:00","date_gmt":"2020-05-08T21:29:00","guid":{"rendered":"https:\/\/pokelele.eu\/mentions-legales\/"},"modified":"2022-01-25T10:03:00","modified_gmt":"2022-01-25T10:03:00","slug":"avviso-legale","status":"publish","type":"page","link":"https:\/\/pokelele.com\/it\/avviso-legale\/","title":{"rendered":"Avviso legale"},"content":{"rendered":"\n<p>Questo sito (il &#8220;Sito&#8221;) \u00e8 pubblicato da Hana Group SAS con un capitale di 32.966.867,44 euro, iscritta al Registro del Commercio e delle Societ\u00e0 di Nanterre con il numero 810 668 145, la cui sede legale \u00e8 situata al 101- 109 rue Jean Jaur\u00e8s, 92300 Levallois-Perret, Francia. Tel: + 33 1 84 76 02 80.<\/p>\n\n\n\n<p>Il sito \u00e8 ospitato da KINSTA Inc, la cui sede legale si trova a 8605 Santa Monica Blvd #92581, West Hollywood, CA 90069, USA. Tel: +44 20 3239 3173.<\/p>\n","protected":false},"excerpt":{"rendered":"<p>Questo sito (il &#8220;Sito&#8221;) \u00e8 pubblicato da Hana Group SAS con un capitale di 32.966.867,44 euro, iscritta al Registro del Commercio e delle Societ\u00e0 di Nanterre con il numero 810 668 145, la cui sede legale \u00e8 situata al 101- 109 rue Jean Jaur\u00e8s, 92300 Levallois-Perret, Francia. Tel: + 33 1 84 76 02 80. [&hellip;]<\/p>\n","protected":false},"author":1,"featured_media":0,"parent":0,"menu_order":0,"comment_status":"closed","ping_status":"closed","template":"","meta":{"_acf_changed":false,"footnotes":""},"class_list":["post-1868","page","type-page","status-publish","hentry"],"acf":[],"yoast_head":"<!-- This site is optimized with the Yoast SEO plugin v22.1 - https:\/\/yoast.com\/wordpress\/plugins\/seo\/ -->\n<title>Avviso legale - Pok\u00e9 L\u00e9 L\u00e9<\/title>\n<meta name=\"robots\" content=\"index, follow, max-snippet:-1, max-image-preview:large, max-video-preview:-1\" \/>\n<link rel=\"canonical\" href=\"https:\/\/pokelele.com\/it\/avviso-legale\/\" \/>\n<meta property=\"og:locale\" content=\"it_IT\" \/>\n<meta property=\"og:type\" content=\"article\" \/>\n<meta property=\"og:title\" content=\"Avviso legale - Pok\u00e9 L\u00e9 L\u00e9\" \/>\n<meta property=\"og:description\" content=\"Questo sito (il &#8220;Sito&#8221;) \u00e8 pubblicato da Hana Group SAS con un capitale di 32.966.867,44 euro, iscritta al Registro del Commercio e delle Societ\u00e0 di Nanterre con il numero 810 668 145, la cui sede legale \u00e8 situata al 101- 109 rue Jean Jaur\u00e8s, 92300 Levallois-Perret, Francia. Tel: + 33 1 84 76 02 80. [&hellip;]\" \/>\n<meta property=\"og:url\" content=\"https:\/\/pokelele.com\/it\/avviso-legale\/\" \/>\n<meta property=\"og:site_name\" content=\"Pok\u00e9 L\u00e9 L\u00e9\" \/>\n<meta property=\"article:modified_time\" content=\"2022-01-25T10:03:00+00:00\" \/>\n<meta name=\"twitter:card\" content=\"summary_large_image\" \/>\n<script type=\"application\/ld+json\" class=\"yoast-schema-graph\">{\"@context\":\"https:\/\/schema.org\",\"@graph\":[{\"@type\":\"WebPage\",\"@id\":\"https:\/\/pokelele.com\/it\/avviso-legale\/\",\"url\":\"https:\/\/pokelele.com\/it\/avviso-legale\/\",\"name\":\"Avviso legale - Pok\u00e9 L\u00e9 L\u00e9\",\"isPartOf\":{\"@id\":\"https:\/\/pokelele.com\/it\/#website\"},\"datePublished\":\"2020-05-08T21:29:00+00:00\",\"dateModified\":\"2022-01-25T10:03:00+00:00\",\"breadcrumb\":{\"@id\":\"https:\/\/pokelele.com\/it\/avviso-legale\/#breadcrumb\"},\"inLanguage\":\"it-IT\",\"potentialAction\":[{\"@type\":\"ReadAction\",\"target\":[\"https:\/\/pokelele.com\/it\/avviso-legale\/\"]}]},{\"@type\":\"BreadcrumbList\",\"@id\":\"https:\/\/pokelele.com\/it\/avviso-legale\/#breadcrumb\",\"itemListElement\":[{\"@type\":\"ListItem\",\"position\":1,\"name\":\"Home\",\"item\":\"https:\/\/pokelele.com\/it\/\"},{\"@type\":\"ListItem\",\"position\":2,\"name\":\"Avviso legale\"}]},{\"@type\":\"WebSite\",\"@id\":\"https:\/\/pokelele.com\/it\/#website\",\"url\":\"https:\/\/pokelele.com\/it\/\",\"name\":\"Pok\u00e9 L\u00e9 L\u00e9\",\"description\":\"Pok\u00e9 L\u00e9 L\u00e9\",\"potentialAction\":[{\"@type\":\"SearchAction\",\"target\":{\"@type\":\"EntryPoint\",\"urlTemplate\":\"https:\/\/pokelele.com\/it\/?s={search_term_string}\"},\"query-input\":\"required name=search_term_string\"}],\"inLanguage\":\"it-IT\"}]}<\/script>\n<!-- \/ Yoast SEO plugin. -->","yoast_head_json":{"title":"Avviso legale - Pok\u00e9 L\u00e9 L\u00e9","robots":{"index":"index","follow":"follow","max-snippet":"max-snippet:-1","max-image-preview":"max-image-preview:large","max-video-preview":"max-video-preview:-1"},"canonical":"https:\/\/pokelele.com\/it\/avviso-legale\/","og_locale":"it_IT","og_type":"article","og_title":"Avviso legale - Pok\u00e9 L\u00e9 L\u00e9","og_description":"Questo sito (il &#8220;Sito&#8221;) \u00e8 pubblicato da Hana Group SAS con un capitale di 32.966.867,44 euro, iscritta al Registro del Commercio e delle Societ\u00e0 di Nanterre con il numero 810 668 145, la cui sede legale \u00e8 situata al 101- 109 rue Jean Jaur\u00e8s, 92300 Levallois-Perret, Francia. Tel: + 33 1 84 76 02 80. [&hellip;]","og_url":"https:\/\/pokelele.com\/it\/avviso-legale\/","og_site_name":"Pok\u00e9 L\u00e9 L\u00e9","article_modified_time":"2022-01-25T10:03:00+00:00","twitter_card":"summary_large_image","schema":{"@context":"https:\/\/schema.org","@graph":[{"@type":"WebPage","@id":"https:\/\/pokelele.com\/it\/avviso-legale\/","url":"https:\/\/pokelele.com\/it\/avviso-legale\/","name":"Avviso legale - Pok\u00e9 L\u00e9 L\u00e9","isPartOf":{"@id":"https:\/\/pokelele.com\/it\/#website"},"datePublished":"2020-05-08T21:29:00+00:00","dateModified":"2022-01-25T10:03:00+00:00","breadcrumb":{"@id":"https:\/\/pokelele.com\/it\/avviso-legale\/#breadcrumb"},"inLanguage":"it-IT","potentialAction":[{"@type":"ReadAction","target":["https:\/\/pokelele.com\/it\/avviso-legale\/"]}]},{"@type":"BreadcrumbList","@id":"https:\/\/pokelele.com\/it\/avviso-legale\/#breadcrumb","itemListElement":[{"@type":"ListItem","position":1,"name":"Home","item":"https:\/\/pokelele.com\/it\/"},{"@type":"ListItem","position":2,"name":"Avviso legale"}]},{"@type":"WebSite","@id":"https:\/\/pokelele.com\/it\/#website","url":"https:\/\/pokelele.com\/it\/","name":"Pok\u00e9 L\u00e9 L\u00e9","description":"Pok\u00e9 L\u00e9 L\u00e9","potentialAction":[{"@type":"SearchAction","target":{"@type":"EntryPoint","urlTemplate":"https:\/\/pokelele.com\/it\/?s={search_term_string}"},"query-input":"required name=search_term_string"}],"inLanguage":"it-IT"}]}},"_links":{"self":[{"href":"https:\/\/pokelele.com\/it\/wp-json\/wp\/v2\/pages\/1868"}],"collection":[{"href":"https:\/\/pokelele.com\/it\/wp-json\/wp\/v2\/pages"}],"about":[{"href":"https:\/\/pokelele.com\/it\/wp-json\/wp\/v2\/types\/page"}],"author":[{"embeddable":true,"href":"https:\/\/pokelele.com\/it\/wp-json\/wp\/v2\/users\/1"}],"replies":[{"embeddable":true,"href":"https:\/\/pokelele.com\/it\/wp-json\/wp\/v2\/comments?post=1868"}],"version-history":[{"count":2,"href":"https:\/\/pokelele.com\/it\/wp-json\/wp\/v2\/pages\/1868\/revisions"}],"predecessor-version":[{"id":5010,"href":"https:\/\/pokelele.com\/it\/wp-json\/wp\/v2\/pages\/1868\/revisions\/5010"}],"wp:attachment":[{"href":"https:\/\/pokelele.com\/it\/wp-json\/wp\/v2\/media?parent=1868"}],"curies":[{"name":"wp","href":"https:\/\/api.w.org\/{rel}","templated":true}]}}