{"id":1881,"date":"2020-05-08T21:29:31","date_gmt":"2020-05-08T21:29:31","guid":{"rendered":"https:\/\/pokelele.eu\/politique-generale-de-la-confidentialite-des-donnees\/"},"modified":"2022-04-11T08:36:27","modified_gmt":"2022-04-11T08:36:27","slug":"informativa-generale-sulla-privacy","status":"publish","type":"page","link":"https:\/\/pokelele.com\/it\/informativa-generale-sulla-privacy\/","title":{"rendered":"Informativa generale sulla privacy"},"content":{"rendered":"\n<p><a href=\"https:\/\/pokelele.com\/it\/general-privacy-policy\/\">Click here<\/a> to access the English version.<\/p>\n\n\n\n<h4 class=\"wp-block-heading\"><strong>INFORMATIVA CONTATTI<\/strong><strong><\/strong><\/h4>\n\n\n\n<p>Informativa ai sensi dell\u2019art. 13 del Regolamento (UE) 2016\/679<\/p>\n\n\n\n<p>Ai sensi dell\u2019art. 13 del Regolamento (UE) 2016\/679 (Regolamento Generale sulla Protezione dei Dati, c.d. GDPR), La informiamo che i Suoi dati personali saranno trattati da HANA GROUP ITALIA S.r.l., Titolare del trattamento, al solo fine di dare riscontro alla Sua richiesta di essere ricontattato. Qualora alla Sua richiesta non seguano ulteriori rapporti, i Suoi dati saranno conservati per un periodo massimo di ventiquattro mesi. Base giuridica del trattamento \u00e8 il consenso dell\u2019interessato (art. 6, comma 1, lett. a) del GDPR) manifestato nell\u2019atto positivo inequivocabile dell\u2019inserimento dei dati nel form \u201ccontatti\u201d. Il conferimento dei Suoi dati personali \u00e8 libero, tuttavia il mancato conferimento dei dati richiesti ci impedir\u00e0 di riscontrare con efficacia la Sua richiesta. Qualora decida di fornirci i Suoi dati, la informiamo che questi saranno trattati da personale autorizzato dal Titolare del trattamento, anche per il tramite di outsourcers e sub outsourcers. In nessun caso i Suoi dati saranno diffusi ma la informiamo che potranno essere comunicati a terzi soggetti che svolgono, per conto del Titolare stesso, specifici servizi volti a garantirci il corretto perseguimento delle citate finalit\u00e0.<\/p>\n\n\n\n<p>La vigente normativa riconosce all\u2019Interessato numerosi diritti; tra questi, il diritto di chiedere al titolare del trattamento l\u2019accesso ai dati e la rettifica o la cancellazione degli stessi o la limitazione del trattamento che lo riguardano o di opporsi al loro trattamento, oltre al diritto alla portabilit\u00e0 dei dati; il diritto di revocare il consenso in qualsiasi momento senza pregiudicare la liceit\u00e0 del trattamento basato sul consenso prestato prima della revoca, Per esercitare i diritti indicati \u00e8 possibile scrivere una mail a <a href=\"mailto:privacy@hanagroup.it\">privacy@hanagroup.it<\/a> oppure inviare una raccomandata al Titolare del trattamento. Il GDPR prevede altres\u00ec il diritto di proporre reclamo all\u2019Autorit\u00e0 Garante per la protezione dei dati personali.<\/p>\n\n\n\n<p>Titolare del trattamento \u00e8 Hana Group Italia S.r.l., con sede in Via Uberto Visconti di Modrone 11, 20122, Milano (MI), e-mail <a href=\"mailto:privacy@hanagroup.it\">privacy@hanagroup.it<\/a>.<\/p>\n\n\n\n<h4 class=\"wp-block-heading\"><strong>INFORMATIVA NEWSLETTER<\/strong><\/h4>\n\n\n\n<p>Ai sensi dell\u2019art. 13 del Regolamento (UE) 679\/2016 (General Data Protection Regulation), La informiamo che il Suo indirizzo e-mail \u2013 potenzialmente idoneo a rivelare Suoi dati personali \u2013 sar\u00e0 trattato da Hana Group Italia S.r.l., Titolare del trattamento, al solo fine di dare seguito alla Sua richiesta di ricevere la nostra newsletter. Base giuridica del trattamento \u00e8 il consenso dell\u2019interessato, da Lei espresso mediante il comportamento inequivoco dell\u2019inserimento dell\u2019indirizzo e-mail nel form dedicato. Il dato sar\u00e0 conservato ed utilizzato fino a quando Lei non indicher\u00e0 di non volerla pi\u00f9 ricevere (salvo diversi obblighi di legge). Il conferimento dell\u2019indirizzo email \u00e8 libero, tuttavia il mancato conferimento ci impedir\u00e0 di riscontrare la Sua richiesta. In nessun caso il dato sar\u00e0 diffuso ma La informiamo che potr\u00e0 essere comunicato a terzi soggetti che svolgono, per conto del Titolare stesso, specifici servizi per l\u2019invio della newsletter. La vigente normativa riconosce all\u2019Interessato numerosi diritti; tra questi, il diritto di chiedere al titolare del trattamento l\u2019accesso ai dati e la rettifica o la cancellazione degli stessi o la limitazione del trattamento che lo riguardano o di opporsi al loro trattamento, oltre al diritto alla portabilit\u00e0 dei dati. Per esercitare i diritti indicati \u00e8 possibile scrivere una mail a privacy@hanagroup.it oppure una raccomandata al Titolare del trattamento, agli indirizzi riportati nella medesima pagina contatti. Il Regolamento prevede altres\u00ec il diritto di proporre reclamo all\u2019Autorit\u00e0 Garante per la protezione dei dati personali.<\/p>\n\n\n\n<p>Titolare del trattamento \u00e8 Hana Group Italia S.r.l., con sede in Via Uberto Visconti di Modrone 11, 20122, Milano (MI), e-mail <a href=\"mailto:privacy@hanagroup.it\">privacy@hanagroup.it<\/a>.<\/p>\n","protected":false},"excerpt":{"rendered":"<p>Click here to access the English version. INFORMATIVA CONTATTI Informativa ai sensi dell\u2019art. 13 del Regolamento (UE) 2016\/679 Ai sensi dell\u2019art. 13 del Regolamento (UE) 2016\/679 (Regolamento Generale sulla Protezione dei Dati, c.d. GDPR), La informiamo che i Suoi dati personali saranno trattati da HANA GROUP ITALIA S.r.l., Titolare del trattamento, al solo fine di [&hellip;]<\/p>\n","protected":false},"author":1,"featured_media":0,"parent":0,"menu_order":0,"comment_status":"closed","ping_status":"closed","template":"","meta":{"_acf_changed":false,"footnotes":""},"class_list":["post-1881","page","type-page","status-publish","hentry"],"acf":[],"yoast_head":"<!-- This site is optimized with the Yoast SEO plugin v22.1 - https:\/\/yoast.com\/wordpress\/plugins\/seo\/ -->\n<title>Informativa generale sulla privacy - Pok\u00e9 L\u00e9 L\u00e9<\/title>\n<meta name=\"robots\" content=\"index, follow, max-snippet:-1, max-image-preview:large, max-video-preview:-1\" \/>\n<link rel=\"canonical\" href=\"https:\/\/pokelele.com\/it\/informativa-generale-sulla-privacy\/\" \/>\n<meta property=\"og:locale\" content=\"it_IT\" \/>\n<meta property=\"og:type\" content=\"article\" \/>\n<meta property=\"og:title\" content=\"Informativa generale sulla privacy - Pok\u00e9 L\u00e9 L\u00e9\" \/>\n<meta property=\"og:description\" content=\"Click here to access the English version. INFORMATIVA CONTATTI Informativa ai sensi dell\u2019art. 13 del Regolamento (UE) 2016\/679 Ai sensi dell\u2019art. 13 del Regolamento (UE) 2016\/679 (Regolamento Generale sulla Protezione dei Dati, c.d. GDPR), La informiamo che i Suoi dati personali saranno trattati da HANA GROUP ITALIA S.r.l., Titolare del trattamento, al solo fine di [&hellip;]\" \/>\n<meta property=\"og:url\" content=\"https:\/\/pokelele.com\/it\/informativa-generale-sulla-privacy\/\" \/>\n<meta property=\"og:site_name\" content=\"Pok\u00e9 L\u00e9 L\u00e9\" \/>\n<meta property=\"article:modified_time\" content=\"2022-04-11T08:36:27+00:00\" \/>\n<meta name=\"twitter:card\" content=\"summary_large_image\" \/>\n<meta name=\"twitter:label1\" content=\"Est. reading time\" \/>\n\t<meta name=\"twitter:data1\" content=\"3 minuti\" \/>\n<script type=\"application\/ld+json\" class=\"yoast-schema-graph\">{\"@context\":\"https:\/\/schema.org\",\"@graph\":[{\"@type\":\"WebPage\",\"@id\":\"https:\/\/pokelele.com\/it\/informativa-generale-sulla-privacy\/\",\"url\":\"https:\/\/pokelele.com\/it\/informativa-generale-sulla-privacy\/\",\"name\":\"Informativa generale sulla privacy - Pok\u00e9 L\u00e9 L\u00e9\",\"isPartOf\":{\"@id\":\"https:\/\/pokelele.com\/it\/#website\"},\"datePublished\":\"2020-05-08T21:29:31+00:00\",\"dateModified\":\"2022-04-11T08:36:27+00:00\",\"breadcrumb\":{\"@id\":\"https:\/\/pokelele.com\/it\/informativa-generale-sulla-privacy\/#breadcrumb\"},\"inLanguage\":\"it-IT\",\"potentialAction\":[{\"@type\":\"ReadAction\",\"target\":[\"https:\/\/pokelele.com\/it\/informativa-generale-sulla-privacy\/\"]}]},{\"@type\":\"BreadcrumbList\",\"@id\":\"https:\/\/pokelele.com\/it\/informativa-generale-sulla-privacy\/#breadcrumb\",\"itemListElement\":[{\"@type\":\"ListItem\",\"position\":1,\"name\":\"Home\",\"item\":\"https:\/\/pokelele.com\/it\/\"},{\"@type\":\"ListItem\",\"position\":2,\"name\":\"Informativa generale sulla privacy\"}]},{\"@type\":\"WebSite\",\"@id\":\"https:\/\/pokelele.com\/it\/#website\",\"url\":\"https:\/\/pokelele.com\/it\/\",\"name\":\"Pok\u00e9 L\u00e9 L\u00e9\",\"description\":\"Pok\u00e9 L\u00e9 L\u00e9\",\"potentialAction\":[{\"@type\":\"SearchAction\",\"target\":{\"@type\":\"EntryPoint\",\"urlTemplate\":\"https:\/\/pokelele.com\/it\/?s={search_term_string}\"},\"query-input\":\"required name=search_term_string\"}],\"inLanguage\":\"it-IT\"}]}<\/script>\n<!-- \/ Yoast SEO plugin. -->","yoast_head_json":{"title":"Informativa generale sulla privacy - Pok\u00e9 L\u00e9 L\u00e9","robots":{"index":"index","follow":"follow","max-snippet":"max-snippet:-1","max-image-preview":"max-image-preview:large","max-video-preview":"max-video-preview:-1"},"canonical":"https:\/\/pokelele.com\/it\/informativa-generale-sulla-privacy\/","og_locale":"it_IT","og_type":"article","og_title":"Informativa generale sulla privacy - Pok\u00e9 L\u00e9 L\u00e9","og_description":"Click here to access the English version. INFORMATIVA CONTATTI Informativa ai sensi dell\u2019art. 13 del Regolamento (UE) 2016\/679 Ai sensi dell\u2019art. 13 del Regolamento (UE) 2016\/679 (Regolamento Generale sulla Protezione dei Dati, c.d. GDPR), La informiamo che i Suoi dati personali saranno trattati da HANA GROUP ITALIA S.r.l., Titolare del trattamento, al solo fine di [&hellip;]","og_url":"https:\/\/pokelele.com\/it\/informativa-generale-sulla-privacy\/","og_site_name":"Pok\u00e9 L\u00e9 L\u00e9","article_modified_time":"2022-04-11T08:36:27+00:00","twitter_card":"summary_large_image","twitter_misc":{"Est. reading time":"3 minuti"},"schema":{"@context":"https:\/\/schema.org","@graph":[{"@type":"WebPage","@id":"https:\/\/pokelele.com\/it\/informativa-generale-sulla-privacy\/","url":"https:\/\/pokelele.com\/it\/informativa-generale-sulla-privacy\/","name":"Informativa generale sulla privacy - Pok\u00e9 L\u00e9 L\u00e9","isPartOf":{"@id":"https:\/\/pokelele.com\/it\/#website"},"datePublished":"2020-05-08T21:29:31+00:00","dateModified":"2022-04-11T08:36:27+00:00","breadcrumb":{"@id":"https:\/\/pokelele.com\/it\/informativa-generale-sulla-privacy\/#breadcrumb"},"inLanguage":"it-IT","potentialAction":[{"@type":"ReadAction","target":["https:\/\/pokelele.com\/it\/informativa-generale-sulla-privacy\/"]}]},{"@type":"BreadcrumbList","@id":"https:\/\/pokelele.com\/it\/informativa-generale-sulla-privacy\/#breadcrumb","itemListElement":[{"@type":"ListItem","position":1,"name":"Home","item":"https:\/\/pokelele.com\/it\/"},{"@type":"ListItem","position":2,"name":"Informativa generale sulla privacy"}]},{"@type":"WebSite","@id":"https:\/\/pokelele.com\/it\/#website","url":"https:\/\/pokelele.com\/it\/","name":"Pok\u00e9 L\u00e9 L\u00e9","description":"Pok\u00e9 L\u00e9 L\u00e9","potentialAction":[{"@type":"SearchAction","target":{"@type":"EntryPoint","urlTemplate":"https:\/\/pokelele.com\/it\/?s={search_term_string}"},"query-input":"required name=search_term_string"}],"inLanguage":"it-IT"}]}},"_links":{"self":[{"href":"https:\/\/pokelele.com\/it\/wp-json\/wp\/v2\/pages\/1881"}],"collection":[{"href":"https:\/\/pokelele.com\/it\/wp-json\/wp\/v2\/pages"}],"about":[{"href":"https:\/\/pokelele.com\/it\/wp-json\/wp\/v2\/types\/page"}],"author":[{"embeddable":true,"href":"https:\/\/pokelele.com\/it\/wp-json\/wp\/v2\/users\/1"}],"replies":[{"embeddable":true,"href":"https:\/\/pokelele.com\/it\/wp-json\/wp\/v2\/comments?post=1881"}],"version-history":[{"count":4,"href":"https:\/\/pokelele.com\/it\/wp-json\/wp\/v2\/pages\/1881\/revisions"}],"predecessor-version":[{"id":5217,"href":"https:\/\/pokelele.com\/it\/wp-json\/wp\/v2\/pages\/1881\/revisions\/5217"}],"wp:attachment":[{"href":"https:\/\/pokelele.com\/it\/wp-json\/wp\/v2\/media?parent=1881"}],"curies":[{"name":"wp","href":"https:\/\/api.w.org\/{rel}","templated":true}]}}