{"id":5088,"date":"2022-03-07T09:26:46","date_gmt":"2022-03-07T09:26:46","guid":{"rendered":"https:\/\/pokelele.com\/?page_id=5088"},"modified":"2022-04-11T08:37:48","modified_gmt":"2022-04-11T08:37:48","slug":"privacy-e-cookie-policy","status":"publish","type":"page","link":"https:\/\/pokelele.com\/it\/privacy-e-cookie-policy\/","title":{"rendered":"Privacy e cookie policy"},"content":{"rendered":"\n<p><a href=\"https:\/\/pokelele.com\/it\/privacy-and-cookie-policy\/\">Click here<\/a> to access the English version.<\/p>\n\n\n\n<h4 class=\"wp-block-heading\"><strong>PERCH\u00c9 QUESTE INFORMAZIONI<\/strong><\/h4>\n\n\n\n<p>Ai sensi&nbsp;del Regolamento (UE) 2016\/679 (di seguito &#8220;GDPR&#8221;), questa pagina descrive le modalit\u00e0 di trattamento dei dati personali degli utenti che consultano il sito web di HANA GROUP SAS accessibile per via telematica all\u2019indirizzo www.pokelele.com.<\/p>\n\n\n\n<p>Questa pagina non assolve agli obblighi di cui all\u2019art. 13 del GDPR per i form di raccolta dati presenti sul sito; ogni pagina che permette all\u2019utente di inviare volontariamente propri dati personali prevede un\u2019informativa dedicata specifica.<\/p>\n\n\n\n<p>Le presenti informazioni non riguardano altri siti, pagine o servizi online raggiungibili tramite link ipertestuali eventualmente pubblicati nel presente sito, ma riferiti a risorse esterne al dominio di HANA GROUP SAS.<\/p>\n\n\n\n<p>A seguito della consultazione del sito possono essere trattati dati relativi a persone fisiche identificate o identificabili.<\/p>\n\n\n\n<h4 class=\"wp-block-heading\"><strong>TITOLARE DEL TRATTAMENTO<\/strong><\/h4>\n\n\n\n<p>Titolare del trattamento dei dati \u00e8 HANA GROUP SAS, 101-109 rue Jean Jaur\u00e8s, 92300 Levallois-Perret &#8211; Francia ; tel : + 33 1 84 76 02 80.<\/p>\n\n\n\n<h4 class=\"wp-block-heading\">DATA PROTECTION OFFICER<\/h4>\n\n\n\n<p>Il DPO di Hana Group pu\u00f2 essere contattato al seguente indirizzo:&nbsp;<a href=\"mailto:dpo@hanagroup.eu\">dpo@hanagroup.eu<\/a>.<\/p>\n\n\n\n<h4 class=\"wp-block-heading\"><strong><strong>FINALIT\u00c0 DEL TRATTAMENTO<\/strong><\/strong><\/h4>\n\n\n\n<p>I dati personali saranno oggetto di trattamento per le seguenti finalit\u00e0:&nbsp; <\/p>\n\n\n\n<p>1. consentire la navigazione e la consultazione all\u2019interno del sito e per adempiere ad obblighi di legge;<\/p>\n\n\n\n<p>2. finalit\u00e0 inerenti alla prestazione dei servizi richiesti (es. richieste di essere ricontattato; eventuale iscrizione a newsletter; candidatura spontanea);<\/p>\n\n\n\n<p>3. finalit\u00e0 difensive in caso di abusi nell&#8217;utilizzo del sito o di tentativi di frode;<\/p>\n\n\n\n<p>4. finalit\u00e0 di ricerche statistiche e di mercato con dati resi anonimi.<\/p>\n\n\n\n<h4 class=\"wp-block-heading\"><strong>BASE GIURIDICA DEL TRATTAMENTO<\/strong><\/h4>\n\n\n\n<p>Il Titolare tratta i Suoi dati: 1) per dare esecuzione a misure precontrattuali adottate su richiesta dell\u2019Utente\/ Interessato; 2) sulla base del consenso espresso dall\u2019Interessato al trattamento dei propri dati personali per una o pi\u00f9 specifiche finalit\u00e0.<\/p>\n\n\n\n<h4 class=\"wp-block-heading\"><strong>MODALIT\u00c0 DEL TRATTAMENTO<\/strong><\/h4>\n\n\n\n<p>I dati personali sono trattati con strumenti automatizzati e con modalit\u00e0 cartacee, per il tempo strettamente necessario a conseguire gli scopi per cui sono stati raccolti.&nbsp;<\/p>\n\n\n\n<p>Sono osservate specifiche misure di sicurezza per prevenire la perdita dei dati personali, usi illeciti o non corretti ed accessi non autorizzati. In particolare, il protocollo sicuro https per alcune parti riservate del sito e delle applicazioni e le protezioni da accessi abusivi nei server e negli altri elaboratori in uso.<\/p>\n\n\n\n<h4 class=\"wp-block-heading\"><strong>EVENTUALI TRASFERIMENTI EXTRA UE<\/strong><\/h4>\n\n\n\n<p>I Dati sono trattati presso la sede operativa del Titolare ed in ogni altro luogo in cui le parti coinvolte nel trattamento siano localizzate. Per ulteriori informazioni, contatta il Titolare.<\/p>\n\n\n\n<p>I dati possono sono ospitati presso un Paese Terzo, in forza del seguente requisito ex art. 46<\/p>\n\n\n\n<p>Alcuni trattamenti da parte di fornitori di servizi per conto de HANA GROUP SAS avvengono al di fuori dell&#8217;Unione Europea, in paesi che non garantiscono un adeguato livello di protezione dei dati personali secondo gli standard stabiliti dal Regolamento.<\/p>\n\n\n\n<p>HANA GROUP SAS prende le precauzioni necessarie per un trasferimento legittimo dei dati (ad esempio, applicando le clausole contrattuali standard approvate dalla Commissione Europea).<\/p>\n\n\n\n<h4 class=\"wp-block-heading\"><strong>SOGGETTI AUTORIZZATI AL TRATTAMENTO<\/strong><\/h4>\n\n\n\n<p>I Suoi dati sono stati acquisiti tramite il loro inserimento da parte Sua sui siti web di Hana Group SAS e altri siti ad esso collegati e potranno essere comunicati da Hana Group SAS a soggetti appositamente nominati Responsabili del trattamento per le finalit\u00e0 indicate nella presente Privacy Policy. L\u2019elenco dei Responsabili \u00e8 trasmesso all\u2019Interessato su richiesta. I dati verranno trattati dal Titolare a mezzo di propri incaricati. Non sono previste ulteriori comunicazioni di dati a terzi.<\/p>\n\n\n\n<h4 class=\"wp-block-heading\"><strong>TIPI DI DATI TRATTATI E FINALIT\u00c0 DEL TRATTAMENTO<\/strong><\/h4>\n\n\n\n<p><em>Dati di navigazione<\/em><br>I sistemi informatici e le procedure software preposte al funzionamento di questo sito acquisiscono, nel corso del loro normale esercizio, alcuni dati personali la cui trasmissione \u00e8 implicita nell&#8217;uso dei protocolli di comunicazione di Internet.<\/p>\n\n\n\n<p>&nbsp;Si tratta d\u2019informazioni che non sono raccolte per essere associate a interessati identificati, ma che per loro stessa natura potrebbero, attraverso elaborazioni ed associazioni con dati detenuti da terzi, permettere di identificare gli utenti.<\/p>\n\n\n\n<p>In questa categoria di dati rientrano gli indirizzi IP o i nomi a dominio dei computer e dei terminali utilizzati dagli utenti, gli indirizzi in notazione URI\/URL (Uniform Resource Identifier\/Locator) delle risorse richieste, l&#8217;orario della richiesta, il metodo utilizzato nel sottoporre la richiesta al server, la dimensione del file ottenuto in risposta, il codice numerico indicante lo stato della risposta data dal server (buon fine, errore, ecc.) ed altri parametri relativi al sistema operativo e all&#8217;ambiente informatico dell&#8217;utente.<\/p>\n\n\n\n<p>Tali dati, necessari per la fruizione dei servizi web, vengono anche trattati allo scopo di:<\/p>\n\n\n\n<p>&#8211; ottenere informazioni statistiche anonime sull&#8217;uso dei servizi (pagine pi\u00f9 visitate, numero di visitatori per fascia oraria o giornaliera, aree geografiche di provenienza, ecc.);<\/p>\n\n\n\n<p>&#8211; controllare il corretto funzionamento dei servizi offerti.<\/p>\n\n\n\n<p>I dati di navigazione non persistono per pi\u00f9 di sette giorni&nbsp;(salve eventuali necessit\u00e0 di accertamento di reati da parte dell&#8217;Autorit\u00e0 giudiziaria).<\/p>\n\n\n\n<p><em>Dati comunicati dall&#8217;utente<\/em><br>L&#8217;invio facoltativo, esplicito e volontario tramite i form presenti in varie pagine del sito comporta l&#8217;acquisizione dei dati personali; i form sono accompagnati da specifiche informative.<\/p>\n\n\n\n<p><em>Cookie e altri sistemi di tracciamento<\/em><br>I cookie sono piccoli file di testo contenenti informazioni scambiate tra un sito internet ed il terminale dell\u2019utente (solitamente il browser). Essi sono principalmente utilizzati con lo scopo di far funzionare i siti web e farli operare in modo pi\u00f9 efficiente, nonch\u00e9 al fine di fornire informazioni ai proprietari del sito stesso. I cookie possono essere sia di sessione che persistenti. I cookie di sessione rimangono memorizzati nel terminale per un breve periodo di tempo e sono eliminati non appena l&#8217;utente chiude il browser. Il loro utilizzo \u00e8 strettamente limitato alla trasmissione di identificativi di sessione (costituiti da numeri casuali generati dal server) necessari per consentire l&#8217;esplorazione sicura ed efficiente del sito. I cookie persistenti invece rimangono archiviati nel terminale dell\u2019utente fino ad una scadenza prestabilita. Questi, non essendo cancellati direttamente alla chiusura del browser, consentono di ricordare le scelte operate dall\u2019utente sul proprio sito nonch\u00e9 di raccogliere informazioni circa le pagine del sito visitate dall\u2019utente, la frequenza con la quale il sito viene visitato e per identificare il tracciato di navigazione degli utenti, al fine di migliorare l\u2019esperienza sul presente sito. I cookie, di sessione o persistenti, possono essere infine di Prima parte o di Terza parte a seconda che il soggetto che installa i cookie sul terminale dell&#8217;utente sia lo stesso gestore del sito che l&#8217;utente sta visitando (si parler\u00e0 allora di cookie di Prima parte) oppure un soggetto diverso (si parler\u00e0 allora di cookie di Terza parte).<\/p>\n\n\n\n<h4 class=\"wp-block-heading\">TIPOLOGIE DI COOKIE<\/h4>\n\n\n\n<p>I cookie, a seconda delle finalit\u00e0 perseguite, possono essere qualificati come: <\/p>\n\n\n\n<p>&#8211; Cookie tecnici: sono quei cookie che consentono di navigare e\/o di fornire un servizio richiesto dall\u2019utente (ad esempio, i cookie che riconoscono in automatico la lingua che l\u2019utente utilizza). Questi cookie sono necessari per il funzionamento del sito e non possono essere disattivati nei nostri sistemi.<\/p>\n\n\n\n<p>&#8211; Cookie Analytics: sono quei cookie utilizzati dai gestori dei siti web per raccogliere informazione in maniera aggregata di natura statistica (ad esempio numero dei visitatori del sito web). A loro volta i cookie analitici possono essere analitici di prima parte, installati direttamente sul sito che si sta visitando e analitici di terza parte, messi a disposizione da terzi parti.<\/p>\n\n\n\n<p>&#8211; Cookie di profilazione: sono quei cookie che controllano la navigazione dell\u2019utente, tracciando il comportamento di un utente e le preferenze manifestate al fine di inviare messaggi pubblicitari in linea con il suo profilo.&nbsp; Se non si accettano questi cookie, non sar\u00e0 inviata pubblicit\u00e0 mirata.<\/p>\n\n\n\n<p><strong>Il consenso<\/strong><br><em>Quando non \u00e8 richiesto:<\/em><\/p>\n\n\n\n<p>Secondo l\u2019attuale normativa per i cookie tecnici, di sessione e di analisi che non fanno profilazione (in quanto necessari a fornire i servizi richiesti) non \u00e8 richiesto il consenso dell\u2019utente. Tra questi vi rientrano: cookie analytics, se usati direttamente dal gestore del sito per raccogliere informazioni, in forma aggregata, sul numero degli utenti e su come questi visitano il sito;cookie di navigazione o di sessione (per autenticarsi);cookie di funzionalit\u00e0 che permettono all\u2019utente la navigazione in funzione di una serie di criteri selezionati (es. lingua, prodotti selezionati per l\u2019acquisto) al fine di migliorare il servizio reso allo stesso.<\/p>\n\n\n\n<p><em>Quando \u00e8 richiesto<\/em><\/p>\n\n\n\n<p>Per tutte le altre tipologie di cookie il consenso pu\u00f2 essere espresso attraverso: il banner visualizzato al primo accesso al presente sito;configurando il proprio browser;dalle impostazioni nell\u2019uso dei servizi di terze parti.<\/p>\n\n\n\n<p>Il mancato consenso potrebbe impedire all\u2019utente di utilizzare o visualizzare appieno le funzionalit\u00e0 del sito.<\/p>\n\n\n\n<p>Le opzioni effettuate posso essere modificate in qualsiasi momento, il consenso, in specie, pu\u00f2 essere revocato, senza alcun onere e pregiudizio per la liceit\u00e0 del trattamento svolto fino alla revoca.<\/p>\n\n\n\n<p><strong>Cookie utilizzati dal presente sito<\/strong><\/p>\n\n\n\n<p>Il presente sito si avvale dell\u2019utilizzo di cookie sia di Prima parte che di Terza parte in quanto si avvale delle funzionalit\u00e0 dei servizi Google Analytics, offerti da Google Inc.<\/p>\n\n\n\n<p>Hana Group si avvale della funzione di anonimizzazione (anonymize ip), in ottemperanza al principio di minimizzazione dei dati personali.<\/p>\n\n\n\n<p><br><strong>Google Analytics<\/strong><\/p>\n\n\n\n<p>Google Analytics utilizza i &#8220;cookie&#8221; per raccogliere e analizzare le informazioni in merito alle modalit\u00e0 di utilizzo dei siti web visitati dall\u2019utente. Per avere maggiori informazioni sui cookie di Google Analytics e sul loro utilizzo da parte di Google Inc. \u00e8 possibile consultare:<\/p>\n\n\n\n<p><a>l&#8217;informativa sull\u2019utilizzo dei cookie da parte di Google disponibile all\u2019indirizzo:<\/a><br><a href=\"https:\/\/policies.google.com\/technologies\/cookies?hl=it\">In che modo Google utilizza i cookie \u2013 Privacy e termini \u2013 Google<\/a>.<\/p>\n\n\n\n<p><strong>Gestione dei cookie<\/strong><br>Normalmente i browser permettono il controllo della maggior parte dei cookie tramite le impostazioni del browser stesso. Si ricorda tuttavia che la disabilitazione totale o parziale dei cookie c.d. tecnici pu\u00f2 compromettere l\u2019utilizzo delle funzionalit\u00e0 del sito. Ad ogni modo qualora l\u2019utente non desideri ricevere alcun tipo di cookie sul proprio elaboratore, n\u00e9 da questo sito, n\u00e9 da altri, pu\u00f2 elevare il livello di protezione privacy modificando le impostazioni di sicurezza del proprio browser:<\/p>\n\n\n\n<p>Mozilla Firefox: <a href=\"https:\/\/support.mozilla.org\/it\/kb\/Gestione%20dei%20cookie\">https:\/\/support.mozilla.org\/it\/kb\/Gestione%20dei%20cookie<\/a><\/p>\n\n\n\n<p>Google Chrome: &nbsp; <a href=\"https:\/\/support.google.com\/chrome\/answer\/95647?hl=it\">https:\/\/support.google.com\/chrome\/answer\/95647?hl=it<\/a><\/p>\n\n\n\n<p>Internet Explorer: <a href=\"http:\/\/windows.microsoft.com\/it-it\/windows-vista\/block-or-allow-cookies\">http:\/\/windows.microsoft.com\/it-it\/windows-vista\/block-or-allow-cookies<\/a><\/p>\n\n\n\n<p>Safari: <a href=\"https:\/\/support.apple.com\/kb\/PH17191?viewlocale=it_IT&amp;locale=it_IT\">https:\/\/support.apple.com\/kb\/PH17191?viewlocale=it_IT&amp;locale=it_IT<\/a>&nbsp;<\/p>\n\n\n\n<p>Safari su iPhone, iPad, o iPod touch: <a href=\"https:\/\/support.apple.com\/it-it\/HT201265\">https:\/\/support.apple.com\/it-it\/HT201265<\/a><\/p>\n\n\n\n<p><strong>ALTRE TECNOLOGIE (Es. Plugin, Widget, Local Storage, etc.)<\/strong><strong><\/strong><\/p>\n\n\n\n<p>I siti web possono anche prevedere l\u2019interazione con social network e piattaforme esterne attraverso l\u2019utilizzo di particolari tecnologie, create appositamente per questi scopi.<\/p>\n\n\n\n<p>Alcune delle modalit\u00e0 pi\u00f9 diffuse di interazione si basano sull\u2019utilizzo di:<\/p>\n\n\n\n<p>Plugin: \u00e8 un programma che interagisce con un altro programma, cos\u00ec da riuscire ad ampliare o estendere le funzionalit\u00e0 originarie del primo. I plugin pi\u00f9 utilizzati sono quelli dei social network, che consentono \u2013 attraverso un click \u2013 di seguire una pagina o un profilo social, oppure di sottolineare il gradimento ad uno specifico contenuto web e\/o di condividerlo sul proprio profilo social, etc.;<\/p>\n\n\n\n<p>Widget: \u00e8 un componente grafico di interfaccia utente di un programma, utilizzato per rendere pi\u00f9 immediata e facile l\u2019interazione tra l\u2019utente ed il programma stesso. I widget maggiormente utilizzati sono quelli dei social network, che permettono all\u2019utilizzatore di aprire velocemente in una finestra separata del browser il social network scelto.&nbsp;&nbsp;<\/p>\n\n\n\n<p>Tutti questi servizi permettono di interagire con i social network, o comunque con piattaforme esterne, direttamente dalle pagine di un sito. Qualsiasi interazione e le conseguenti informazioni eventualmente acquisite dal sito sono soggette alle impostazioni privacy del terzo che ha creato queste tecnologie.<\/p>\n\n\n\n<p>In merito alle piattaforme social con cui il sito permette di interagire, elenchiamo qui di seguito i riferimenti di questi gestori ed il link alla pagina in cui sono disponibili le informazioni sul trattamento e, ove previsto dalla normativa, dove potrai prestare o negare il tuo consenso:&nbsp;<\/p>\n\n\n\n<p><a>\u2013&nbsp;Widget di Facebook \u2013 info<\/a>:&nbsp;<a href=\"https:\/\/www.facebook.com\/privacy\/explanation\" target=\"_blank\" rel=\"noreferrer noopener\">https:\/\/www.facebook.com\/privacy\/explanation&nbsp;<\/a><\/p>\n\n\n\n<p><a>\u2013&nbsp;Widget di Instagram \u2013 info<\/a>: <a href=\"https:\/\/help.instagram.com\/519522125107875\/?maybe_redirect_pol=0\">https:\/\/help.instagram.com\/519522125107875\/?maybe_redirect_pol=0<\/a><\/p>\n\n\n\n<h4 class=\"wp-block-heading\"><strong>LINK AD ALTRI SITI WEB<\/strong><\/h4>\n\n\n\n<p>Questo sito potrebbe contenere link o riferimenti per l\u2019accesso ad altri siti. Informiamo che il Titolare del trattamento non controlla i cookie o le altre tecnologie di monitoraggio di tali siti web, ai quali la presente Policy non si applica.<\/p>\n\n\n\n<h4 class=\"wp-block-heading\"><strong>DESTINATARI DEI DATI<\/strong><\/h4>\n\n\n\n<p>I dati non sono comunicati a terzi ma possono essere processati anche tramite societ\u00e0 specializzate, nominate responsabili del trattamento ai sensi dell&#8217;articolo 28 del GDPR; l\u2019elenco \u00e8 trasmesso all\u2019Interessato su richiesta.<\/p>\n\n\n\n<h4 class=\"wp-block-heading\"><strong>DIRITTI DEGLI INTERESSATI<\/strong><\/h4>\n\n\n\n<p>Ai sensi degli artt. 15 e ss. del GDPR, gli interessati hanno il diritto di ottenere dal Titolare del trattamento, in qualsiasi momento: l&#8217;accesso ai propri dati personali; la rettifica o la cancellazione degli stessi o la limitazione del trattamento che li riguarda o di opporsi al trattamento; di revocare il consenso senza pregiudicare la liceit\u00e0 del trattamento basata sul consenso prestato prima della revoca. All\u2019interessato \u00e8 garantito il diritto alla portabilit\u00e0 dei dati.&nbsp;<\/p>\n\n\n\n<p>I diritti possono essere esercitati rivolgendosi direttamente al Titolare del trattamento ai recapiti sopra indicati.<\/p>\n\n\n\n<p>Gli interessati hanno altres\u00ec il diritto di proporre reclamo all\u2019Autorit\u00e0 Garante per la protezione dei dati personali, come previsto dall&#8217;art. 77 del GDPR, o di adire le opportune sedi giudiziarie (art. 79 del GDPR).<\/p>\n\n\n\n<h4 class=\"wp-block-heading\"><strong>ULTERIORI INFORMAZIONI SUL TRATTAMENTO<\/strong><\/h4>\n\n\n\n<p><strong>Informazioni non contenute in questa policy<\/strong><\/p>\n\n\n\n<p>Ulteriori informazioni in relazione al trattamento dei Dati Personali potranno essere richieste in qualsiasi momento al Titolare del Trattamento utilizzando gli estremi di contatto.<\/p>\n\n\n\n<p><strong>Modifiche alle presenti politiche sulla Privacy<\/strong><\/p>\n\n\n\n<p>Il Titolare verifica periodicamente la propria politica relativa alla privacy e alla sicurezza e, se del caso, la rivede in relazione alle modifiche normative, organizzative o dettate dall\u2019evoluzione tecnologica. In caso di modifica delle politiche, la nuova versione sar\u00e0 pubblicata in questa pagina del sito.<\/p>\n\n\n\n<p>Qualora le modifiche interessino trattamenti la cui base giuridica \u00e8 il consenso, il Titolare provveder\u00e0 a raccogliere nuovamente il consenso dell\u2019Utente, se necessario.<\/p>\n","protected":false},"excerpt":{"rendered":"<p>Click here to access the English version. PERCH\u00c9 QUESTE INFORMAZIONI Ai sensi&nbsp;del Regolamento (UE) 2016\/679 (di seguito &#8220;GDPR&#8221;), questa pagina descrive le modalit\u00e0 di trattamento dei dati personali degli utenti che consultano il sito web di HANA GROUP SAS accessibile per via telematica all\u2019indirizzo www.pokelele.com. Questa pagina non assolve agli obblighi di cui all\u2019art. 13 [&hellip;]<\/p>\n","protected":false},"author":1,"featured_media":0,"parent":0,"menu_order":0,"comment_status":"closed","ping_status":"closed","template":"","meta":{"_acf_changed":false,"footnotes":""},"class_list":["post-5088","page","type-page","status-publish","hentry"],"acf":[],"yoast_head":"<!-- This site is optimized with the Yoast SEO plugin v22.1 - https:\/\/yoast.com\/wordpress\/plugins\/seo\/ -->\n<title>Privacy e cookie policy - Pok\u00e9 L\u00e9 L\u00e9<\/title>\n<meta name=\"robots\" content=\"index, follow, max-snippet:-1, max-image-preview:large, max-video-preview:-1\" \/>\n<link rel=\"canonical\" href=\"https:\/\/pokelele.com\/it\/privacy-e-cookie-policy\/\" \/>\n<meta property=\"og:locale\" content=\"it_IT\" \/>\n<meta property=\"og:type\" content=\"article\" \/>\n<meta property=\"og:title\" content=\"Privacy e cookie policy - Pok\u00e9 L\u00e9 L\u00e9\" \/>\n<meta property=\"og:description\" content=\"Click here to access the English version. PERCH\u00c9 QUESTE INFORMAZIONI Ai sensi&nbsp;del Regolamento (UE) 2016\/679 (di seguito &#8220;GDPR&#8221;), questa pagina descrive le modalit\u00e0 di trattamento dei dati personali degli utenti che consultano il sito web di HANA GROUP SAS accessibile per via telematica all\u2019indirizzo www.pokelele.com. Questa pagina non assolve agli obblighi di cui all\u2019art. 13 [&hellip;]\" \/>\n<meta property=\"og:url\" content=\"https:\/\/pokelele.com\/it\/privacy-e-cookie-policy\/\" \/>\n<meta property=\"og:site_name\" content=\"Pok\u00e9 L\u00e9 L\u00e9\" \/>\n<meta property=\"article:modified_time\" content=\"2022-04-11T08:37:48+00:00\" \/>\n<meta name=\"twitter:card\" content=\"summary_large_image\" \/>\n<meta name=\"twitter:label1\" content=\"Est. reading time\" \/>\n\t<meta name=\"twitter:data1\" content=\"11 minuti\" \/>\n<script type=\"application\/ld+json\" class=\"yoast-schema-graph\">{\"@context\":\"https:\/\/schema.org\",\"@graph\":[{\"@type\":\"WebPage\",\"@id\":\"https:\/\/pokelele.com\/it\/privacy-e-cookie-policy\/\",\"url\":\"https:\/\/pokelele.com\/it\/privacy-e-cookie-policy\/\",\"name\":\"Privacy e cookie policy - Pok\u00e9 L\u00e9 L\u00e9\",\"isPartOf\":{\"@id\":\"https:\/\/pokelele.com\/it\/#website\"},\"datePublished\":\"2022-03-07T09:26:46+00:00\",\"dateModified\":\"2022-04-11T08:37:48+00:00\",\"breadcrumb\":{\"@id\":\"https:\/\/pokelele.com\/it\/privacy-e-cookie-policy\/#breadcrumb\"},\"inLanguage\":\"it-IT\",\"potentialAction\":[{\"@type\":\"ReadAction\",\"target\":[\"https:\/\/pokelele.com\/it\/privacy-e-cookie-policy\/\"]}]},{\"@type\":\"BreadcrumbList\",\"@id\":\"https:\/\/pokelele.com\/it\/privacy-e-cookie-policy\/#breadcrumb\",\"itemListElement\":[{\"@type\":\"ListItem\",\"position\":1,\"name\":\"Home\",\"item\":\"https:\/\/pokelele.com\/it\/\"},{\"@type\":\"ListItem\",\"position\":2,\"name\":\"Privacy e cookie policy\"}]},{\"@type\":\"WebSite\",\"@id\":\"https:\/\/pokelele.com\/it\/#website\",\"url\":\"https:\/\/pokelele.com\/it\/\",\"name\":\"Pok\u00e9 L\u00e9 L\u00e9\",\"description\":\"Pok\u00e9 L\u00e9 L\u00e9\",\"potentialAction\":[{\"@type\":\"SearchAction\",\"target\":{\"@type\":\"EntryPoint\",\"urlTemplate\":\"https:\/\/pokelele.com\/it\/?s={search_term_string}\"},\"query-input\":\"required name=search_term_string\"}],\"inLanguage\":\"it-IT\"}]}<\/script>\n<!-- \/ Yoast SEO plugin. -->","yoast_head_json":{"title":"Privacy e cookie policy - Pok\u00e9 L\u00e9 L\u00e9","robots":{"index":"index","follow":"follow","max-snippet":"max-snippet:-1","max-image-preview":"max-image-preview:large","max-video-preview":"max-video-preview:-1"},"canonical":"https:\/\/pokelele.com\/it\/privacy-e-cookie-policy\/","og_locale":"it_IT","og_type":"article","og_title":"Privacy e cookie policy - Pok\u00e9 L\u00e9 L\u00e9","og_description":"Click here to access the English version. PERCH\u00c9 QUESTE INFORMAZIONI Ai sensi&nbsp;del Regolamento (UE) 2016\/679 (di seguito &#8220;GDPR&#8221;), questa pagina descrive le modalit\u00e0 di trattamento dei dati personali degli utenti che consultano il sito web di HANA GROUP SAS accessibile per via telematica all\u2019indirizzo www.pokelele.com. Questa pagina non assolve agli obblighi di cui all\u2019art. 13 [&hellip;]","og_url":"https:\/\/pokelele.com\/it\/privacy-e-cookie-policy\/","og_site_name":"Pok\u00e9 L\u00e9 L\u00e9","article_modified_time":"2022-04-11T08:37:48+00:00","twitter_card":"summary_large_image","twitter_misc":{"Est. reading time":"11 minuti"},"schema":{"@context":"https:\/\/schema.org","@graph":[{"@type":"WebPage","@id":"https:\/\/pokelele.com\/it\/privacy-e-cookie-policy\/","url":"https:\/\/pokelele.com\/it\/privacy-e-cookie-policy\/","name":"Privacy e cookie policy - Pok\u00e9 L\u00e9 L\u00e9","isPartOf":{"@id":"https:\/\/pokelele.com\/it\/#website"},"datePublished":"2022-03-07T09:26:46+00:00","dateModified":"2022-04-11T08:37:48+00:00","breadcrumb":{"@id":"https:\/\/pokelele.com\/it\/privacy-e-cookie-policy\/#breadcrumb"},"inLanguage":"it-IT","potentialAction":[{"@type":"ReadAction","target":["https:\/\/pokelele.com\/it\/privacy-e-cookie-policy\/"]}]},{"@type":"BreadcrumbList","@id":"https:\/\/pokelele.com\/it\/privacy-e-cookie-policy\/#breadcrumb","itemListElement":[{"@type":"ListItem","position":1,"name":"Home","item":"https:\/\/pokelele.com\/it\/"},{"@type":"ListItem","position":2,"name":"Privacy e cookie policy"}]},{"@type":"WebSite","@id":"https:\/\/pokelele.com\/it\/#website","url":"https:\/\/pokelele.com\/it\/","name":"Pok\u00e9 L\u00e9 L\u00e9","description":"Pok\u00e9 L\u00e9 L\u00e9","potentialAction":[{"@type":"SearchAction","target":{"@type":"EntryPoint","urlTemplate":"https:\/\/pokelele.com\/it\/?s={search_term_string}"},"query-input":"required name=search_term_string"}],"inLanguage":"it-IT"}]}},"_links":{"self":[{"href":"https:\/\/pokelele.com\/it\/wp-json\/wp\/v2\/pages\/5088"}],"collection":[{"href":"https:\/\/pokelele.com\/it\/wp-json\/wp\/v2\/pages"}],"about":[{"href":"https:\/\/pokelele.com\/it\/wp-json\/wp\/v2\/types\/page"}],"author":[{"embeddable":true,"href":"https:\/\/pokelele.com\/it\/wp-json\/wp\/v2\/users\/1"}],"replies":[{"embeddable":true,"href":"https:\/\/pokelele.com\/it\/wp-json\/wp\/v2\/comments?post=5088"}],"version-history":[{"count":4,"href":"https:\/\/pokelele.com\/it\/wp-json\/wp\/v2\/pages\/5088\/revisions"}],"predecessor-version":[{"id":5220,"href":"https:\/\/pokelele.com\/it\/wp-json\/wp\/v2\/pages\/5088\/revisions\/5220"}],"wp:attachment":[{"href":"https:\/\/pokelele.com\/it\/wp-json\/wp\/v2\/media?parent=5088"}],"curies":[{"name":"wp","href":"https:\/\/api.w.org\/{rel}","templated":true}]}}