{"id":5533,"date":"2022-05-03T11:57:46","date_gmt":"2022-05-03T11:57:46","guid":{"rendered":"https:\/\/pokelele.com\/linktree\/"},"modified":"2022-07-05T14:07:33","modified_gmt":"2022-07-05T14:07:33","slug":"linktree","status":"publish","type":"page","link":"https:\/\/pokelele.com\/it\/linktree\/","title":{"rendered":"Linktree"},"content":{"rendered":"\n<body style=\"background-color:#f0e4dc; position:relative; overflow: hidden;\">\n\n<div style=\"background-image: url('https:\/\/pokelele.com\/wp-content\/uploads\/sites\/7\/2022\/05\/background.png'); background-repeat: no-repeat; background-position:center; margin-left:auto; margin-right:auto; padding-top: 3%;\">\n\n<div style=\"text-align:center; background-color: white; margin-left:auto; margin-right:auto; width:350px; height:620px; border-radius: 10px; overflow: hidden; padding: 10px 10px 10px 10px; box-shadow: 0 5px 10px 0px rgba(0, 0, 0, 0.1); -moz-box-shadow: 0 5px 10px 0px rgba(0, 0, 0, 0.1); -webkit-box-shadow: 0 5px 10px 0px rgba(0, 0, 0, 0.1); -o-box-shadow: 0 5px 10px 0px rgba(0, 0, 0, 0.1); -ms-box-shadow: 0 5px 10px 0px rgba(0, 0, 0, 0.1);\">\n<\/br>\n<img decoding=\"async\" src=\"https:\/\/pokelele.com\/wp-content\/uploads\/sites\/7\/2022\/05\/poke.svg\"; height=65%; width=65%;>\n<\/br>\n<\/br>\n<img decoding=\"async\" src=\"https:\/\/pokelele.com\/wp-content\/uploads\/sites\/7\/2022\/05\/paradise.svg\"; height=70%; width=70%>\n<\/br>\n<\/br>\n<\/br>\n<a href=\"https:\/\/pokelele.com\/it\/dove-trovarci\/\"><button class=\"frm_button_submit frm_final_submit c-button\">TROVARCI<\/button><\/a>\n<\/br>\n<\/br>\n<a href=\"https:\/\/pokelele.com\/it\/\"><button class=\"frm_button_submit frm_final_submit c-button\">WEBSITE<\/button><\/a>\n<\/br>\n<\/br>\n<a href=\"https:\/\/hanagroup.eu\/world-survey\"><button class=\"frm_button_submit frm_final_submit c-button\">FEEDBACK<\/button><\/a>\n<br>\n<br>\n<br>\n<a href=\"https:\/\/www.facebook.com\/Pok%C3%A9-L%C3%A9-L%C3%A9-103938774927381\/\"><img decoding=\"async\" src=\"https:\/\/pokelele.com\/wp-content\/uploads\/sites\/7\/2022\/07\/linktree_fb.png\"; height=30px; width=30px;><\/a>\n<a href=\"https:\/\/www.instagram.com\/pokelele.paradise\/\"><img decoding=\"async\" src=\"https:\/\/pokelele.com\/wp-content\/uploads\/sites\/7\/2022\/07\/linktree_ig.png\"; height=30px; width=30px;><\/a>\n<a href=\"https:\/\/www.tiktok.com\/@pokelele.paradise\"><img decoding=\"async\" src=\"https:\/\/pokelele.com\/wp-content\/uploads\/sites\/7\/2022\/07\/linktree_tiktok.png\"; height=30px; width=30px;><\/a>\n<\/div>\n<\/div>\n<\/body>\n\n\n\n<p><\/p>\n","protected":false},"excerpt":{"rendered":"<p>TROVARCI WEBSITE FEEDBACK<\/p>\n","protected":false},"author":1,"featured_media":0,"parent":0,"menu_order":0,"comment_status":"closed","ping_status":"closed","template":"templates\/empty.php","meta":{"_acf_changed":false,"footnotes":""},"class_list":["post-5533","page","type-page","status-publish","hentry"],"acf":[],"yoast_head":"<!-- This site is optimized with the Yoast SEO plugin v22.1 - https:\/\/yoast.com\/wordpress\/plugins\/seo\/ -->\n<title>Linktree - Pok\u00e9 L\u00e9 L\u00e9<\/title>\n<meta name=\"robots\" content=\"index, follow, max-snippet:-1, max-image-preview:large, max-video-preview:-1\" \/>\n<link rel=\"canonical\" href=\"https:\/\/pokelele.com\/it\/linktree\/\" \/>\n<meta property=\"og:locale\" content=\"it_IT\" \/>\n<meta property=\"og:type\" content=\"article\" \/>\n<meta property=\"og:title\" content=\"Linktree - Pok\u00e9 L\u00e9 L\u00e9\" \/>\n<meta property=\"og:description\" content=\"TROVARCI WEBSITE FEEDBACK\" \/>\n<meta property=\"og:url\" content=\"https:\/\/pokelele.com\/it\/linktree\/\" \/>\n<meta property=\"og:site_name\" content=\"Pok\u00e9 L\u00e9 L\u00e9\" \/>\n<meta property=\"article:modified_time\" content=\"2022-07-05T14:07:33+00:00\" \/>\n<meta property=\"og:image\" content=\"https:\/\/pokelele.com\/wp-content\/uploads\/sites\/7\/2022\/05\/poke.svg\" \/>\n<meta name=\"twitter:card\" content=\"summary_large_image\" \/>\n<meta name=\"twitter:label1\" content=\"Est. reading time\" \/>\n\t<meta name=\"twitter:data1\" content=\"2 minuti\" \/>\n<script type=\"application\/ld+json\" class=\"yoast-schema-graph\">{\"@context\":\"https:\/\/schema.org\",\"@graph\":[{\"@type\":\"WebPage\",\"@id\":\"https:\/\/pokelele.com\/it\/linktree\/\",\"url\":\"https:\/\/pokelele.com\/it\/linktree\/\",\"name\":\"Linktree - Pok\u00e9 L\u00e9 L\u00e9\",\"isPartOf\":{\"@id\":\"https:\/\/pokelele.com\/it\/#website\"},\"datePublished\":\"2022-05-03T11:57:46+00:00\",\"dateModified\":\"2022-07-05T14:07:33+00:00\",\"breadcrumb\":{\"@id\":\"https:\/\/pokelele.com\/it\/linktree\/#breadcrumb\"},\"inLanguage\":\"it-IT\",\"potentialAction\":[{\"@type\":\"ReadAction\",\"target\":[\"https:\/\/pokelele.com\/it\/linktree\/\"]}]},{\"@type\":\"BreadcrumbList\",\"@id\":\"https:\/\/pokelele.com\/it\/linktree\/#breadcrumb\",\"itemListElement\":[{\"@type\":\"ListItem\",\"position\":1,\"name\":\"Home\",\"item\":\"https:\/\/pokelele.com\/it\/\"},{\"@type\":\"ListItem\",\"position\":2,\"name\":\"Linktree\"}]},{\"@type\":\"WebSite\",\"@id\":\"https:\/\/pokelele.com\/it\/#website\",\"url\":\"https:\/\/pokelele.com\/it\/\",\"name\":\"Pok\u00e9 L\u00e9 L\u00e9\",\"description\":\"Pok\u00e9 L\u00e9 L\u00e9\",\"potentialAction\":[{\"@type\":\"SearchAction\",\"target\":{\"@type\":\"EntryPoint\",\"urlTemplate\":\"https:\/\/pokelele.com\/it\/?s={search_term_string}\"},\"query-input\":\"required name=search_term_string\"}],\"inLanguage\":\"it-IT\"}]}<\/script>\n<!-- \/ Yoast SEO plugin. -->","yoast_head_json":{"title":"Linktree - Pok\u00e9 L\u00e9 L\u00e9","robots":{"index":"index","follow":"follow","max-snippet":"max-snippet:-1","max-image-preview":"max-image-preview:large","max-video-preview":"max-video-preview:-1"},"canonical":"https:\/\/pokelele.com\/it\/linktree\/","og_locale":"it_IT","og_type":"article","og_title":"Linktree - Pok\u00e9 L\u00e9 L\u00e9","og_description":"TROVARCI WEBSITE FEEDBACK","og_url":"https:\/\/pokelele.com\/it\/linktree\/","og_site_name":"Pok\u00e9 L\u00e9 L\u00e9","article_modified_time":"2022-07-05T14:07:33+00:00","og_image":[{"url":"https:\/\/pokelele.com\/wp-content\/uploads\/sites\/7\/2022\/05\/poke.svg"}],"twitter_card":"summary_large_image","twitter_misc":{"Est. reading time":"2 minuti"},"schema":{"@context":"https:\/\/schema.org","@graph":[{"@type":"WebPage","@id":"https:\/\/pokelele.com\/it\/linktree\/","url":"https:\/\/pokelele.com\/it\/linktree\/","name":"Linktree - Pok\u00e9 L\u00e9 L\u00e9","isPartOf":{"@id":"https:\/\/pokelele.com\/it\/#website"},"datePublished":"2022-05-03T11:57:46+00:00","dateModified":"2022-07-05T14:07:33+00:00","breadcrumb":{"@id":"https:\/\/pokelele.com\/it\/linktree\/#breadcrumb"},"inLanguage":"it-IT","potentialAction":[{"@type":"ReadAction","target":["https:\/\/pokelele.com\/it\/linktree\/"]}]},{"@type":"BreadcrumbList","@id":"https:\/\/pokelele.com\/it\/linktree\/#breadcrumb","itemListElement":[{"@type":"ListItem","position":1,"name":"Home","item":"https:\/\/pokelele.com\/it\/"},{"@type":"ListItem","position":2,"name":"Linktree"}]},{"@type":"WebSite","@id":"https:\/\/pokelele.com\/it\/#website","url":"https:\/\/pokelele.com\/it\/","name":"Pok\u00e9 L\u00e9 L\u00e9","description":"Pok\u00e9 L\u00e9 L\u00e9","potentialAction":[{"@type":"SearchAction","target":{"@type":"EntryPoint","urlTemplate":"https:\/\/pokelele.com\/it\/?s={search_term_string}"},"query-input":"required name=search_term_string"}],"inLanguage":"it-IT"}]}},"_links":{"self":[{"href":"https:\/\/pokelele.com\/it\/wp-json\/wp\/v2\/pages\/5533"}],"collection":[{"href":"https:\/\/pokelele.com\/it\/wp-json\/wp\/v2\/pages"}],"about":[{"href":"https:\/\/pokelele.com\/it\/wp-json\/wp\/v2\/types\/page"}],"author":[{"embeddable":true,"href":"https:\/\/pokelele.com\/it\/wp-json\/wp\/v2\/users\/1"}],"replies":[{"embeddable":true,"href":"https:\/\/pokelele.com\/it\/wp-json\/wp\/v2\/comments?post=5533"}],"version-history":[{"count":4,"href":"https:\/\/pokelele.com\/it\/wp-json\/wp\/v2\/pages\/5533\/revisions"}],"predecessor-version":[{"id":5786,"href":"https:\/\/pokelele.com\/it\/wp-json\/wp\/v2\/pages\/5533\/revisions\/5786"}],"wp:attachment":[{"href":"https:\/\/pokelele.com\/it\/wp-json\/wp\/v2\/media?parent=5533"}],"curies":[{"name":"wp","href":"https:\/\/api.w.org\/{rel}","templated":true}]}}