{"id":2258,"date":"2020-04-10T21:07:03","date_gmt":"2020-04-10T21:07:03","guid":{"rendered":"https:\/\/pokelele.eu\/ou-nous-trouver\/"},"modified":"2021-05-19T16:25:36","modified_gmt":"2021-05-19T16:25:36","slug":"ou-nous-trouver","status":"publish","type":"page","link":"https:\/\/pokelele.com\/lu\/ou-nous-trouver\/","title":{"rendered":"O\u00f9 nous trouver ?"},"content":{"rendered":"","protected":false},"excerpt":{"rendered":"","protected":false},"author":1,"featured_media":0,"parent":0,"menu_order":0,"comment_status":"closed","ping_status":"closed","template":"templates\/store-locator.php","meta":{"_acf_changed":false,"footnotes":""},"class_list":["post-2258","page","type-page","status-publish","hentry"],"acf":[],"yoast_head":"<!-- This site is optimized with the Yoast SEO plugin v22.1 - https:\/\/yoast.com\/wordpress\/plugins\/seo\/ -->\n<title>O\u00f9 nous trouver ? - Pok\u00e9 L\u00e9 L\u00e9<\/title>\n<meta name=\"robots\" content=\"index, follow, max-snippet:-1, max-image-preview:large, max-video-preview:-1\" \/>\n<link rel=\"canonical\" href=\"https:\/\/pokelele.com\/lu\/ou-nous-trouver\/\" \/>\n<meta property=\"og:locale\" content=\"en_US\" \/>\n<meta property=\"og:type\" content=\"article\" \/>\n<meta property=\"og:title\" content=\"O\u00f9 nous trouver ? - Pok\u00e9 L\u00e9 L\u00e9\" \/>\n<meta property=\"og:url\" content=\"https:\/\/pokelele.com\/lu\/ou-nous-trouver\/\" \/>\n<meta property=\"og:site_name\" content=\"Pok\u00e9 L\u00e9 L\u00e9\" \/>\n<meta property=\"article:modified_time\" content=\"2021-05-19T16:25:36+00:00\" \/>\n<meta name=\"twitter:card\" content=\"summary_large_image\" \/>\n<script type=\"application\/ld+json\" class=\"yoast-schema-graph\">{\"@context\":\"https:\/\/schema.org\",\"@graph\":[{\"@type\":\"WebPage\",\"@id\":\"https:\/\/pokelele.com\/lu\/ou-nous-trouver\/\",\"url\":\"https:\/\/pokelele.com\/lu\/ou-nous-trouver\/\",\"name\":\"O\u00f9 nous trouver ? - Pok\u00e9 L\u00e9 L\u00e9\",\"isPartOf\":{\"@id\":\"https:\/\/pokelele.com\/it\/#website\"},\"datePublished\":\"2020-04-10T21:07:03+00:00\",\"dateModified\":\"2021-05-19T16:25:36+00:00\",\"breadcrumb\":{\"@id\":\"https:\/\/pokelele.com\/lu\/ou-nous-trouver\/#breadcrumb\"},\"inLanguage\":\"lu-LU\",\"potentialAction\":[{\"@type\":\"ReadAction\",\"target\":[\"https:\/\/pokelele.com\/lu\/ou-nous-trouver\/\"]}]},{\"@type\":\"BreadcrumbList\",\"@id\":\"https:\/\/pokelele.com\/lu\/ou-nous-trouver\/#breadcrumb\",\"itemListElement\":[{\"@type\":\"ListItem\",\"position\":1,\"name\":\"Accueil\",\"item\":\"https:\/\/pokelele.com\/lu\/\"},{\"@type\":\"ListItem\",\"position\":2,\"name\":\"O\u00f9 nous trouver ?\"}]},{\"@type\":\"WebSite\",\"@id\":\"https:\/\/pokelele.com\/it\/#website\",\"url\":\"https:\/\/pokelele.com\/it\/\",\"name\":\"Pok\u00e9 L\u00e9 L\u00e9\",\"description\":\"Pok\u00e9 L\u00e9 L\u00e9\",\"potentialAction\":[{\"@type\":\"SearchAction\",\"target\":{\"@type\":\"EntryPoint\",\"urlTemplate\":\"https:\/\/pokelele.com\/it\/?s={search_term_string}\"},\"query-input\":\"required name=search_term_string\"}],\"inLanguage\":\"lu-LU\"}]}<\/script>\n<!-- \/ Yoast SEO plugin. -->","yoast_head_json":{"title":"O\u00f9 nous trouver ? - Pok\u00e9 L\u00e9 L\u00e9","robots":{"index":"index","follow":"follow","max-snippet":"max-snippet:-1","max-image-preview":"max-image-preview:large","max-video-preview":"max-video-preview:-1"},"canonical":"https:\/\/pokelele.com\/lu\/ou-nous-trouver\/","og_locale":"en_US","og_type":"article","og_title":"O\u00f9 nous trouver ? - Pok\u00e9 L\u00e9 L\u00e9","og_url":"https:\/\/pokelele.com\/lu\/ou-nous-trouver\/","og_site_name":"Pok\u00e9 L\u00e9 L\u00e9","article_modified_time":"2021-05-19T16:25:36+00:00","twitter_card":"summary_large_image","schema":{"@context":"https:\/\/schema.org","@graph":[{"@type":"WebPage","@id":"https:\/\/pokelele.com\/lu\/ou-nous-trouver\/","url":"https:\/\/pokelele.com\/lu\/ou-nous-trouver\/","name":"O\u00f9 nous trouver ? - Pok\u00e9 L\u00e9 L\u00e9","isPartOf":{"@id":"https:\/\/pokelele.com\/it\/#website"},"datePublished":"2020-04-10T21:07:03+00:00","dateModified":"2021-05-19T16:25:36+00:00","breadcrumb":{"@id":"https:\/\/pokelele.com\/lu\/ou-nous-trouver\/#breadcrumb"},"inLanguage":"lu-LU","potentialAction":[{"@type":"ReadAction","target":["https:\/\/pokelele.com\/lu\/ou-nous-trouver\/"]}]},{"@type":"BreadcrumbList","@id":"https:\/\/pokelele.com\/lu\/ou-nous-trouver\/#breadcrumb","itemListElement":[{"@type":"ListItem","position":1,"name":"Accueil","item":"https:\/\/pokelele.com\/lu\/"},{"@type":"ListItem","position":2,"name":"O\u00f9 nous trouver ?"}]},{"@type":"WebSite","@id":"https:\/\/pokelele.com\/it\/#website","url":"https:\/\/pokelele.com\/it\/","name":"Pok\u00e9 L\u00e9 L\u00e9","description":"Pok\u00e9 L\u00e9 L\u00e9","potentialAction":[{"@type":"SearchAction","target":{"@type":"EntryPoint","urlTemplate":"https:\/\/pokelele.com\/it\/?s={search_term_string}"},"query-input":"required name=search_term_string"}],"inLanguage":"lu-LU"}]}},"_links":{"self":[{"href":"https:\/\/pokelele.com\/lu\/wp-json\/wp\/v2\/pages\/2258"}],"collection":[{"href":"https:\/\/pokelele.com\/lu\/wp-json\/wp\/v2\/pages"}],"about":[{"href":"https:\/\/pokelele.com\/lu\/wp-json\/wp\/v2\/types\/page"}],"author":[{"embeddable":true,"href":"https:\/\/pokelele.com\/lu\/wp-json\/wp\/v2\/users\/1"}],"replies":[{"embeddable":true,"href":"https:\/\/pokelele.com\/lu\/wp-json\/wp\/v2\/comments?post=2258"}],"version-history":[{"count":4,"href":"https:\/\/pokelele.com\/lu\/wp-json\/wp\/v2\/pages\/2258\/revisions"}],"predecessor-version":[{"id":4529,"href":"https:\/\/pokelele.com\/lu\/wp-json\/wp\/v2\/pages\/2258\/revisions\/4529"}],"wp:attachment":[{"href":"https:\/\/pokelele.com\/lu\/wp-json\/wp\/v2\/media?parent=2258"}],"curies":[{"name":"wp","href":"https:\/\/api.w.org\/{rel}","templated":true}]}}