{"id":4895,"date":"2020-05-08T21:29:00","date_gmt":"2020-05-08T21:29:00","guid":{"rendered":"https:\/\/pokelele.com\/terms-and-conditions-of-use\/"},"modified":"2022-01-03T13:55:08","modified_gmt":"2022-01-03T13:55:08","slug":"terms-and-conditions-of-use","status":"publish","type":"page","link":"https:\/\/pokelele.com\/us\/terms-and-conditions-of-use\/","title":{"rendered":"Legal notice"},"content":{"rendered":"\n<p>This Web-Site (hereinafter the \u00ab Website \u00bb) is published by Hana Group SAS, a company incorporated in France with a share capital of 32&nbsp;966&nbsp;867,44 Euros, registered with Nanterre Trade and Companies Registry under number 810&nbsp;668 145, having its registered office located at 101- 109 rue Jean Jaur\u00e8s, 92300 Levallois-Perret, France. T\u00e9l : + 33 1 84 76 02 80.<\/p>\n\n\n\n<p>Publishing Director for the Website is: Eduardo ROMERO.<\/p>\n\n\n\n<p>The Website is hosted by&nbsp;KINSTA Inc., with registered office located at 8605 Santa Monica Blvd #92581, West Hollywood, CA 90069, United States of America. Tel : +44 20 3239 3173.<\/p>\n","protected":false},"excerpt":{"rendered":"<p>This Web-Site (hereinafter the \u00ab Website \u00bb) is published by Hana Group SAS, a company incorporated in France with a share capital of 32&nbsp;966&nbsp;867,44 Euros, registered with Nanterre Trade and Companies Registry under number 810&nbsp;668 145, having its registered office located at 101- 109 rue Jean Jaur\u00e8s, 92300 Levallois-Perret, France. T\u00e9l : + 33 1 [&hellip;]<\/p>\n","protected":false},"author":1,"featured_media":0,"parent":0,"menu_order":0,"comment_status":"closed","ping_status":"closed","template":"","meta":{"_acf_changed":false,"footnotes":""},"class_list":["post-4895","page","type-page","status-publish","hentry"],"acf":[],"yoast_head":"<!-- This site is optimized with the Yoast SEO plugin v22.1 - https:\/\/yoast.com\/wordpress\/plugins\/seo\/ -->\n<title>Legal notice - Pok\u00e9 L\u00e9 L\u00e9<\/title>\n<meta name=\"robots\" content=\"index, follow, max-snippet:-1, max-image-preview:large, max-video-preview:-1\" \/>\n<link rel=\"canonical\" href=\"https:\/\/pokelele.com\/us\/terms-and-conditions-of-use\/\" \/>\n<meta property=\"og:locale\" content=\"en_US\" \/>\n<meta property=\"og:type\" content=\"article\" \/>\n<meta property=\"og:title\" content=\"Legal notice - Pok\u00e9 L\u00e9 L\u00e9\" \/>\n<meta property=\"og:description\" content=\"This Web-Site (hereinafter the \u00ab Website \u00bb) is published by Hana Group SAS, a company incorporated in France with a share capital of 32&nbsp;966&nbsp;867,44 Euros, registered with Nanterre Trade and Companies Registry under number 810&nbsp;668 145, having its registered office located at 101- 109 rue Jean Jaur\u00e8s, 92300 Levallois-Perret, France. T\u00e9l : + 33 1 [&hellip;]\" \/>\n<meta property=\"og:url\" content=\"https:\/\/pokelele.com\/us\/terms-and-conditions-of-use\/\" \/>\n<meta property=\"og:site_name\" content=\"Pok\u00e9 L\u00e9 L\u00e9\" \/>\n<meta property=\"article:modified_time\" content=\"2022-01-03T13:55:08+00:00\" \/>\n<meta name=\"twitter:card\" content=\"summary_large_image\" \/>\n<script type=\"application\/ld+json\" class=\"yoast-schema-graph\">{\"@context\":\"https:\/\/schema.org\",\"@graph\":[{\"@type\":\"WebPage\",\"@id\":\"https:\/\/pokelele.com\/us\/terms-and-conditions-of-use\/\",\"url\":\"https:\/\/pokelele.com\/us\/terms-and-conditions-of-use\/\",\"name\":\"Legal notice - Pok\u00e9 L\u00e9 L\u00e9\",\"isPartOf\":{\"@id\":\"https:\/\/pokelele.com\/it\/#website\"},\"datePublished\":\"2020-05-08T21:29:00+00:00\",\"dateModified\":\"2022-01-03T13:55:08+00:00\",\"breadcrumb\":{\"@id\":\"https:\/\/pokelele.com\/us\/terms-and-conditions-of-use\/#breadcrumb\"},\"inLanguage\":\"en-US\",\"potentialAction\":[{\"@type\":\"ReadAction\",\"target\":[\"https:\/\/pokelele.com\/us\/terms-and-conditions-of-use\/\"]}]},{\"@type\":\"BreadcrumbList\",\"@id\":\"https:\/\/pokelele.com\/us\/terms-and-conditions-of-use\/#breadcrumb\",\"itemListElement\":[{\"@type\":\"ListItem\",\"position\":1,\"name\":\"Home\",\"item\":\"https:\/\/pokelele.com\/us\/\"},{\"@type\":\"ListItem\",\"position\":2,\"name\":\"Legal notice\"}]},{\"@type\":\"WebSite\",\"@id\":\"https:\/\/pokelele.com\/it\/#website\",\"url\":\"https:\/\/pokelele.com\/it\/\",\"name\":\"Pok\u00e9 L\u00e9 L\u00e9\",\"description\":\"Pok\u00e9 L\u00e9 L\u00e9\",\"potentialAction\":[{\"@type\":\"SearchAction\",\"target\":{\"@type\":\"EntryPoint\",\"urlTemplate\":\"https:\/\/pokelele.com\/it\/?s={search_term_string}\"},\"query-input\":\"required name=search_term_string\"}],\"inLanguage\":\"en-US\"}]}<\/script>\n<!-- \/ Yoast SEO plugin. -->","yoast_head_json":{"title":"Legal notice - Pok\u00e9 L\u00e9 L\u00e9","robots":{"index":"index","follow":"follow","max-snippet":"max-snippet:-1","max-image-preview":"max-image-preview:large","max-video-preview":"max-video-preview:-1"},"canonical":"https:\/\/pokelele.com\/us\/terms-and-conditions-of-use\/","og_locale":"en_US","og_type":"article","og_title":"Legal notice - Pok\u00e9 L\u00e9 L\u00e9","og_description":"This Web-Site (hereinafter the \u00ab Website \u00bb) is published by Hana Group SAS, a company incorporated in France with a share capital of 32&nbsp;966&nbsp;867,44 Euros, registered with Nanterre Trade and Companies Registry under number 810&nbsp;668 145, having its registered office located at 101- 109 rue Jean Jaur\u00e8s, 92300 Levallois-Perret, France. T\u00e9l : + 33 1 [&hellip;]","og_url":"https:\/\/pokelele.com\/us\/terms-and-conditions-of-use\/","og_site_name":"Pok\u00e9 L\u00e9 L\u00e9","article_modified_time":"2022-01-03T13:55:08+00:00","twitter_card":"summary_large_image","schema":{"@context":"https:\/\/schema.org","@graph":[{"@type":"WebPage","@id":"https:\/\/pokelele.com\/us\/terms-and-conditions-of-use\/","url":"https:\/\/pokelele.com\/us\/terms-and-conditions-of-use\/","name":"Legal notice - Pok\u00e9 L\u00e9 L\u00e9","isPartOf":{"@id":"https:\/\/pokelele.com\/it\/#website"},"datePublished":"2020-05-08T21:29:00+00:00","dateModified":"2022-01-03T13:55:08+00:00","breadcrumb":{"@id":"https:\/\/pokelele.com\/us\/terms-and-conditions-of-use\/#breadcrumb"},"inLanguage":"en-US","potentialAction":[{"@type":"ReadAction","target":["https:\/\/pokelele.com\/us\/terms-and-conditions-of-use\/"]}]},{"@type":"BreadcrumbList","@id":"https:\/\/pokelele.com\/us\/terms-and-conditions-of-use\/#breadcrumb","itemListElement":[{"@type":"ListItem","position":1,"name":"Home","item":"https:\/\/pokelele.com\/us\/"},{"@type":"ListItem","position":2,"name":"Legal notice"}]},{"@type":"WebSite","@id":"https:\/\/pokelele.com\/it\/#website","url":"https:\/\/pokelele.com\/it\/","name":"Pok\u00e9 L\u00e9 L\u00e9","description":"Pok\u00e9 L\u00e9 L\u00e9","potentialAction":[{"@type":"SearchAction","target":{"@type":"EntryPoint","urlTemplate":"https:\/\/pokelele.com\/it\/?s={search_term_string}"},"query-input":"required name=search_term_string"}],"inLanguage":"en-US"}]}},"_links":{"self":[{"href":"https:\/\/pokelele.com\/us\/wp-json\/wp\/v2\/pages\/4895"}],"collection":[{"href":"https:\/\/pokelele.com\/us\/wp-json\/wp\/v2\/pages"}],"about":[{"href":"https:\/\/pokelele.com\/us\/wp-json\/wp\/v2\/types\/page"}],"author":[{"embeddable":true,"href":"https:\/\/pokelele.com\/us\/wp-json\/wp\/v2\/users\/1"}],"replies":[{"embeddable":true,"href":"https:\/\/pokelele.com\/us\/wp-json\/wp\/v2\/comments?post=4895"}],"version-history":[{"count":1,"href":"https:\/\/pokelele.com\/us\/wp-json\/wp\/v2\/pages\/4895\/revisions"}],"predecessor-version":[{"id":4896,"href":"https:\/\/pokelele.com\/us\/wp-json\/wp\/v2\/pages\/4895\/revisions\/4896"}],"wp:attachment":[{"href":"https:\/\/pokelele.com\/us\/wp-json\/wp\/v2\/media?parent=4895"}],"curies":[{"name":"wp","href":"https:\/\/api.w.org\/{rel}","templated":true}]}}